{"id":266,"date":"2021-04-15T18:09:57","date_gmt":"2021-04-15T18:09:57","guid":{"rendered":"http:\/\/camarot.net\/?page_id=266"},"modified":"2021-11-29T18:51:36","modified_gmt":"2021-11-29T18:51:36","slug":"legalidad","status":"publish","type":"page","link":"https:\/\/camarot.net\/nl\/legalidad","title":{"rendered":"LEGAL    <SERVICES>"},"content":{"rendered":"<div class=\"wpb-content-wrapper\"><p>[vc_row][vc_column][vc_column_text][\/vc_column_text][\/vc_column][\/vc_row][vc_row][vc_column][vc_column_text]<\/p>\n<h2><strong><span style=\"color: #30316a;\">LEGAAL<\/span><\/strong><\/h2>\n<p>[\/vc_column_text][\/vc_column][\/vc_row][vc_row][vc_column width=&#8221;2\/3&#8243;][vc_single_image image=&#8221;270&#8243; img_size=&#8221;full&#8221; alignment=&#8221;center&#8221;][\/vc_column][vc_column width=&#8221;1\/3&#8243;][\/vc_column][\/vc_row][vc_row][vc_column width=&#8221;2\/3&#8243;][vc_column_text]<\/p>\n<h4><span style=\"color: #03adf7;\"><strong>De zekerheid van de meest uitgebreide juridische bescherming op de markt.<\/strong><\/span><\/h4>\n<p>[\/vc_column_text][\/vc_column][vc_column width=&#8221;1\/3&#8243;][\/vc_column][\/vc_row][vc_row][vc_column width=&#8221;2\/3&#8243;][vc_column_text]<\/p>\n<div class=\"vc_row wpb_row vc_inner vc_row-fluid\">\n<div class=\"wpb_column vc_column_container vc_col-sm-4\">\n<div class=\"vc_column-inner\">\n<div class=\"wpb_wrapper\">\n<div class=\"wpb_text_column wpb_content_element \">\n<div class=\"wpb_wrapper\">\n<ul>\n<li>Telefonische juridische asistentie.<\/li>\n<li>Tort schadeclaim.<\/li>\n<li>Extra burgelijke en strafrechtelijke verdediging.<\/li>\n<li>Juridische verdediging van uw rechten als consument.<\/li>\n<\/ul>\n<\/div>\n<\/div>\n<\/div>\n<\/div>\n<\/div>\n<div class=\"wpb_column vc_column_container vc_col-sm-8\">\n<div class=\"vc_column-inner\">\n<div class=\"wpb_wrapper\">\n<div class=\"wpb_text_column wpb_content_element \">\n<div class=\"wpb_wrapper\">\n<ul>\n<li>Het beoordelen en opstellen van contracten.<\/li>\n<li>Bescherming met kwesties in verband met uw werk.<\/li>\n<li>Bescherming tegenover kwesties met belasting.<\/li>\n<li>Voorziening voor scheiding en echtscheiding.<\/li>\n<\/ul>\n<\/div>\n<\/div>\n<\/div>\n<\/div>\n<\/div>\n<\/div>\n<p>[\/vc_column_text][\/vc_column][vc_column width=&#8221;1\/3&#8243;][\/vc_column][\/vc_row][vc_row][vc_column width=&#8221;2\/3&#8243;][vc_column_text]Dit zijn enkele voorbeelden van dekkingen die wij bieden. Als u meer uitgebreide informatie wenst neem dan gerust contact met ons op.[\/vc_column_text][\/vc_column][vc_column width=&#8221;1\/3&#8243;][\/vc_column][\/vc_row]<\/p>\n<\/div>","protected":false},"excerpt":{"rendered":"<p>[vc_row][vc_column][vc_column_text][\/vc_column_text][\/vc_column][\/vc_row][vc_row][vc_column][vc_column_text] LEGAAL [\/vc_column_text][\/vc_column][\/vc_row][vc_row][vc_column width=&#8221;2\/3&#8243;][vc_single_image image=&#8221;270&#8243; img_size=&#8221;full&#8221; alignment=&#8221;center&#8221;][\/vc_column][vc_column width=&#8221;1\/3&#8243;][\/vc_column][\/vc_row][vc_row][vc_column width=&#8221;2\/3&#8243;][vc_column_text] De zekerheid van de meest uitgebreide juridische bescherming op de markt. [\/vc_column_text][\/vc_column][vc_column width=&#8221;1\/3&#8243;][\/vc_column][\/vc_row][vc_row][vc_column width=&#8221;2\/3&#8243;][vc_column_text] Telefonische juridische asistentie. Tort schadeclaim. Extra burgelijke en strafrechtelijke verdediging. Juridische verdediging van uw rechten als consument. Het beoordelen en opstellen van contracten. Bescherming met kwesties in verband met uw werk. Bescherming [&hellip;]<\/p>\n","protected":false},"author":1,"featured_media":0,"parent":0,"menu_order":0,"comment_status":"closed","ping_status":"closed","template":"","meta":{"site-sidebar-layout":"no-sidebar","site-content-layout":"plain-container","ast-site-content-layout":"default","site-content-style":"default","site-sidebar-style":"default","ast-global-header-display":"","ast-banner-title-visibility":"","ast-main-header-display":"","ast-hfb-above-header-display":"","ast-hfb-below-header-display":"","ast-hfb-mobile-header-display":"","site-post-title":"disabled","ast-breadcrumbs-content":"","ast-featured-img":"disabled","footer-sml-layout":"","ast-disable-related-posts":"","theme-transparent-header-meta":"default","adv-header-id-meta":"","stick-header-meta":"","header-above-stick-meta":"","header-main-stick-meta":"","header-below-stick-meta":"","astra-migrate-meta-layouts":"default","ast-page-background-enabled":"default","ast-page-background-meta":{"desktop":{"background-color":"var(--ast-global-color-4)","background-image":"","background-repeat":"repeat","background-position":"center center","background-size":"auto","background-attachment":"scroll","background-type":"","background-media":"","overlay-type":"","overlay-color":"","overlay-opacity":"","overlay-gradient":""},"tablet":{"background-color":"","background-image":"","background-repeat":"repeat","background-position":"center center","background-size":"auto","background-attachment":"scroll","background-type":"","background-media":"","overlay-type":"","overlay-color":"","overlay-opacity":"","overlay-gradient":""},"mobile":{"background-color":"","background-image":"","background-repeat":"repeat","background-position":"center center","background-size":"auto","background-attachment":"scroll","background-type":"","background-media":"","overlay-type":"","overlay-color":"","overlay-opacity":"","overlay-gradient":""}},"ast-content-background-meta":{"desktop":{"background-color":"var(--ast-global-color-5)","background-image":"","background-repeat":"repeat","background-position":"center center","background-size":"auto","background-attachment":"scroll","background-type":"","background-media":"","overlay-type":"","overlay-color":"","overlay-opacity":"","overlay-gradient":""},"tablet":{"background-color":"var(--ast-global-color-5)","background-image":"","background-repeat":"repeat","background-position":"center center","background-size":"auto","background-attachment":"scroll","background-type":"","background-media":"","overlay-type":"","overlay-color":"","overlay-opacity":"","overlay-gradient":""},"mobile":{"background-color":"var(--ast-global-color-5)","background-image":"","background-repeat":"repeat","background-position":"center center","background-size":"auto","background-attachment":"scroll","background-type":"","background-media":"","overlay-type":"","overlay-color":"","overlay-opacity":"","overlay-gradient":""}},"footnotes":""},"class_list":["post-266","page","type-page","status-publish","hentry"],"yoast_head":"<!-- This site is optimized with the Yoast SEO plugin v26.9 - https:\/\/yoast.com\/product\/yoast-seo-wordpress\/ -->\n<title>LEGALIDAD- LEGAL   - CAMAROT La seguridad de sentirte protegido<\/title>\n<meta name=\"description\" content=\"Seguridad- Legalidad. - La seguridad de tener la protecci\u00f3n jur\u00eddica m\u00e1s amplia del mercado. - Asistencia Jur\u00eddica Tel\u00e9fonica...\" \/>\n<meta name=\"robots\" content=\"index, follow, max-snippet:-1, max-image-preview:large, max-video-preview:-1\" \/>\n<link rel=\"canonical\" href=\"https:\/\/camarot.net\/nl\/legalidad\" \/>\n<meta property=\"og:locale\" content=\"nl_NL\" \/>\n<meta property=\"og:type\" content=\"article\" \/>\n<meta property=\"og:title\" content=\"LEGALIDAD- LEGAL   - CAMAROT La seguridad de sentirte protegido\" \/>\n<meta property=\"og:description\" content=\"Seguridad- Legalidad. - La seguridad de tener la protecci\u00f3n jur\u00eddica m\u00e1s amplia del mercado. - Asistencia Jur\u00eddica Tel\u00e9fonica...\" \/>\n<meta property=\"og:url\" content=\"https:\/\/camarot.net\/nl\/legalidad\" \/>\n<meta property=\"og:site_name\" content=\"CAMAROT\" \/>\n<meta property=\"article:modified_time\" content=\"2021-11-29T18:51:36+00:00\" \/>\n<meta name=\"twitter:card\" content=\"summary_large_image\" \/>\n<meta name=\"twitter:label1\" content=\"Geschatte leestijd\" \/>\n\t<meta name=\"twitter:data1\" content=\"1 minuut\" \/>\n<script type=\"application\/ld+json\" class=\"yoast-schema-graph\">{\"@context\":\"https:\/\/schema.org\",\"@graph\":[{\"@type\":\"WebPage\",\"@id\":\"https:\/\/camarot.net\/nl\/legalidad\",\"url\":\"https:\/\/camarot.net\/nl\/legalidad\",\"name\":\"LEGALIDAD- LEGAL - CAMAROT La seguridad de sentirte protegido\",\"isPartOf\":{\"@id\":\"https:\/\/camarot.net\/nl\/#website\"},\"datePublished\":\"2021-04-15T18:09:57+00:00\",\"dateModified\":\"2021-11-29T18:51:36+00:00\",\"description\":\"Seguridad- Legalidad. - La seguridad de tener la protecci\u00f3n jur\u00eddica m\u00e1s amplia del mercado. - Asistencia Jur\u00eddica Tel\u00e9fonica...\",\"breadcrumb\":{\"@id\":\"https:\/\/camarot.net\/nl\/legalidad#breadcrumb\"},\"inLanguage\":\"nl-NL\",\"potentialAction\":[{\"@type\":\"ReadAction\",\"target\":[[\"https:\/\/camarot.net\/nl\/legalidad\"]]}]},{\"@type\":\"BreadcrumbList\",\"@id\":\"https:\/\/camarot.net\/nl\/legalidad#breadcrumb\",\"itemListElement\":[{\"@type\":\"ListItem\",\"position\":1,\"name\":\"Portada\",\"item\":\"https:\/\/camarot.net\/nl\/\"},{\"@type\":\"ListItem\",\"position\":2,\"name\":\"LEGAL\"}]},{\"@type\":\"WebSite\",\"@id\":\"https:\/\/camarot.net\/nl\/#website\",\"url\":\"https:\/\/camarot.net\/nl\/\",\"name\":\"CAMAROT\",\"description\":\"Verzekering en investeringen\",\"publisher\":{\"@id\":\"https:\/\/camarot.net\/nl\/#organization\"},\"potentialAction\":[{\"@type\":\"SearchAction\",\"target\":{\"@type\":\"EntryPoint\",\"urlTemplate\":\"https:\/\/camarot.net\/nl\/?s={search_term_string}\"},\"query-input\":{\"@type\":\"PropertyValueSpecification\",\"valueRequired\":true,\"valueName\":\"search_term_string\"}}],\"inLanguage\":\"nl-NL\"},{\"@type\":\"Organization\",\"@id\":\"https:\/\/camarot.net\/nl\/#organization\",\"name\":\"CAMAROT DENIA\",\"url\":\"https:\/\/camarot.net\/nl\/\",\"logo\":{\"@type\":\"ImageObject\",\"inLanguage\":\"nl-NL\",\"@id\":\"https:\/\/camarot.net\/nl\/#\/schema\/logo\/image\/\",\"url\":\"http:\/\/camarot.net\/wp-content\/uploads\/2021\/05\/camarotmini.jpg\",\"contentUrl\":\"http:\/\/camarot.net\/wp-content\/uploads\/2021\/05\/camarotmini.jpg\",\"width\":198,\"height\":109,\"caption\":\"CAMAROT DENIA\"},\"image\":{\"@id\":\"https:\/\/camarot.net\/nl\/#\/schema\/logo\/image\/\"}}]}<\/script>\n<!-- \/ Yoast SEO plugin. -->","yoast_head_json":{"title":"LEGALIDAD- LEGAL   - CAMAROT La seguridad de sentirte protegido","description":"Seguridad- Legalidad. - La seguridad de tener la protecci\u00f3n jur\u00eddica m\u00e1s amplia del mercado. - Asistencia Jur\u00eddica Tel\u00e9fonica...","robots":{"index":"index","follow":"follow","max-snippet":"max-snippet:-1","max-image-preview":"max-image-preview:large","max-video-preview":"max-video-preview:-1"},"canonical":"https:\/\/camarot.net\/nl\/legalidad","og_locale":"nl_NL","og_type":"article","og_title":"LEGALIDAD- LEGAL   - CAMAROT La seguridad de sentirte protegido","og_description":"Seguridad- Legalidad. - La seguridad de tener la protecci\u00f3n jur\u00eddica m\u00e1s amplia del mercado. - Asistencia Jur\u00eddica Tel\u00e9fonica...","og_url":"https:\/\/camarot.net\/nl\/legalidad","og_site_name":"CAMAROT","article_modified_time":"2021-11-29T18:51:36+00:00","twitter_card":"summary_large_image","twitter_misc":{"Geschatte leestijd":"1 minuut"},"schema":{"@context":"https:\/\/schema.org","@graph":[{"@type":"WebPage","@id":"https:\/\/camarot.net\/nl\/legalidad","url":"https:\/\/camarot.net\/nl\/legalidad","name":"LEGALIDAD- LEGAL - CAMAROT La seguridad de sentirte protegido","isPartOf":{"@id":"https:\/\/camarot.net\/nl\/#website"},"datePublished":"2021-04-15T18:09:57+00:00","dateModified":"2021-11-29T18:51:36+00:00","description":"Seguridad- Legalidad. - La seguridad de tener la protecci\u00f3n jur\u00eddica m\u00e1s amplia del mercado. - Asistencia Jur\u00eddica Tel\u00e9fonica...","breadcrumb":{"@id":"https:\/\/camarot.net\/nl\/legalidad#breadcrumb"},"inLanguage":"nl-NL","potentialAction":[{"@type":"ReadAction","target":[["https:\/\/camarot.net\/nl\/legalidad"]]}]},{"@type":"BreadcrumbList","@id":"https:\/\/camarot.net\/nl\/legalidad#breadcrumb","itemListElement":[{"@type":"ListItem","position":1,"name":"Portada","item":"https:\/\/camarot.net\/nl\/"},{"@type":"ListItem","position":2,"name":"LEGAL"}]},{"@type":"WebSite","@id":"https:\/\/camarot.net\/nl\/#website","url":"https:\/\/camarot.net\/nl\/","name":"CAMAROT","description":"Verzekering en investeringen","publisher":{"@id":"https:\/\/camarot.net\/nl\/#organization"},"potentialAction":[{"@type":"SearchAction","target":{"@type":"EntryPoint","urlTemplate":"https:\/\/camarot.net\/nl\/?s={search_term_string}"},"query-input":{"@type":"PropertyValueSpecification","valueRequired":true,"valueName":"search_term_string"}}],"inLanguage":"nl-NL"},{"@type":"Organization","@id":"https:\/\/camarot.net\/nl\/#organization","name":"CAMAROT DENIA","url":"https:\/\/camarot.net\/nl\/","logo":{"@type":"ImageObject","inLanguage":"nl-NL","@id":"https:\/\/camarot.net\/nl\/#\/schema\/logo\/image\/","url":"http:\/\/camarot.net\/wp-content\/uploads\/2021\/05\/camarotmini.jpg","contentUrl":"http:\/\/camarot.net\/wp-content\/uploads\/2021\/05\/camarotmini.jpg","width":198,"height":109,"caption":"CAMAROT DENIA"},"image":{"@id":"https:\/\/camarot.net\/nl\/#\/schema\/logo\/image\/"}}]}},"_links":{"self":[{"href":"https:\/\/camarot.net\/nl\/wp-json\/wp\/v2\/pages\/266","targetHints":{"allow":["GET"]}}],"collection":[{"href":"https:\/\/camarot.net\/nl\/wp-json\/wp\/v2\/pages"}],"about":[{"href":"https:\/\/camarot.net\/nl\/wp-json\/wp\/v2\/types\/page"}],"author":[{"embeddable":true,"href":"https:\/\/camarot.net\/nl\/wp-json\/wp\/v2\/users\/1"}],"replies":[{"embeddable":true,"href":"https:\/\/camarot.net\/nl\/wp-json\/wp\/v2\/comments?post=266"}],"version-history":[{"count":13,"href":"https:\/\/camarot.net\/nl\/wp-json\/wp\/v2\/pages\/266\/revisions"}],"predecessor-version":[{"id":1080,"href":"https:\/\/camarot.net\/nl\/wp-json\/wp\/v2\/pages\/266\/revisions\/1080"}],"wp:attachment":[{"href":"https:\/\/camarot.net\/nl\/wp-json\/wp\/v2\/media?parent=266"}],"curies":[{"name":"wp","href":"https:\/\/api.w.org\/{rel}","templated":true}]}}