{"id":296,"date":"2021-04-16T08:25:04","date_gmt":"2021-04-16T08:25:04","guid":{"rendered":"http:\/\/camarot.net\/?page_id=296"},"modified":"2021-11-29T18:12:27","modified_gmt":"2021-11-29T18:12:27","slug":"barcos-embarcaciones","status":"publish","type":"page","link":"https:\/\/camarot.net\/en\/barcos-embarcaciones","title":{"rendered":"BOATS \u2013 VESSELS EMBARKATION    <SERVICES>"},"content":{"rendered":"<div class=\"wpb-content-wrapper\"><p>[vc_row][vc_column][vc_column_text][\/vc_column_text][\/vc_column][\/vc_row][vc_row][vc_column][vc_column_text]<\/p>\n<h2><strong><span style=\"color: #30316a;\">EMBARCACIONES<span style=\"font-size: 15px; font-family: Raleway, arial, sans-serif;\">\u00a0<\/span><\/span><\/strong><\/h2>\n<p>[\/vc_column_text][\/vc_column][\/vc_row][vc_row][vc_column width=&#8221;2\/3&#8243;][vc_single_image image=&#8221;300&#8243; img_size=&#8221;full&#8221; alignment=&#8221;center&#8221;][\/vc_column][vc_column width=&#8221;1\/3&#8243;][\/vc_column][\/vc_row][vc_row][vc_column width=&#8221;2\/3&#8243;][vc_column_text]<\/p>\n<h4><span style=\"color: #03adf7;\"><strong>Si tu pasi\u00f3n es navegar, hazlo con las mejores coberturas para que solo pienses en tu traves\u00eda.<\/strong><\/span><\/h4>\n<p>[\/vc_column_text][\/vc_column][vc_column width=&#8221;1\/3&#8243;][\/vc_column][\/vc_row][vc_row][vc_column width=&#8221;2\/3&#8243;][vc_column_text]<\/p>\n<div class=\"vc_row wpb_row vc_inner vc_row-fluid\">\n<div class=\"wpb_column vc_column_container vc_col-sm-4\">\n<div class=\"vc_column-inner\">\n<div class=\"wpb_wrapper\">\n<div class=\"wpb_text_column wpb_content_element \">\n<div class=\"wpb_wrapper\">\n<ul>\n<li>Responsabilidad Civil de suscripci\u00f3n obligatoria.<\/li>\n<li>Protecci\u00f3n jur\u00eddica.<\/li>\n<li>Robo.<\/li>\n<\/ul>\n<\/div>\n<\/div>\n<\/div>\n<\/div>\n<\/div>\n<div class=\"wpb_column vc_column_container vc_col-sm-8\">\n<div class=\"vc_column-inner\">\n<div class=\"wpb_wrapper\">\n<div class=\"wpb_text_column wpb_content_element \">\n<div class=\"wpb_wrapper\">\n<ul>\n<li>Accidentes personales.<\/li>\n<li>Asistencia para embarcaciones.<\/li>\n<li>Efectos personales.<\/li>\n<\/ul>\n<\/div>\n<\/div>\n<\/div>\n<\/div>\n<\/div>\n<\/div>\n<p>[\/vc_column_text][\/vc_column][vc_column width=&#8221;1\/3&#8243;][\/vc_column][\/vc_row][vc_row][vc_column width=&#8221;2\/3&#8243;][vc_column_text]\u00c9stas son solo algunas de las coberturas que le ofrecemos. Si desea ampliar la informaci\u00f3n, por favor, p\u00f3ngase en contacto con nosotros.[\/vc_column_text][\/vc_column][vc_column width=&#8221;1\/3&#8243;][\/vc_column][\/vc_row]<\/p>\n<\/div>","protected":false},"excerpt":{"rendered":"<p>[vc_row][vc_column][vc_column_text][\/vc_column_text][\/vc_column][\/vc_row][vc_row][vc_column][vc_column_text] EMBARCACIONES\u00a0 [\/vc_column_text][\/vc_column][\/vc_row][vc_row][vc_column width=&#8221;2\/3&#8243;][vc_single_image image=&#8221;300&#8243; img_size=&#8221;full&#8221; alignment=&#8221;center&#8221;][\/vc_column][vc_column width=&#8221;1\/3&#8243;][\/vc_column][\/vc_row][vc_row][vc_column width=&#8221;2\/3&#8243;][vc_column_text] Si tu pasi\u00f3n es navegar, hazlo con las mejores coberturas para que solo pienses en tu traves\u00eda. [\/vc_column_text][\/vc_column][vc_column width=&#8221;1\/3&#8243;][\/vc_column][\/vc_row][vc_row][vc_column width=&#8221;2\/3&#8243;][vc_column_text] Responsabilidad Civil de suscripci\u00f3n obligatoria. Protecci\u00f3n jur\u00eddica. Robo. Accidentes personales. Asistencia para embarcaciones. Efectos personales. [\/vc_column_text][\/vc_column][vc_column width=&#8221;1\/3&#8243;][\/vc_column][\/vc_row][vc_row][vc_column width=&#8221;2\/3&#8243;][vc_column_text]\u00c9stas son solo algunas de las coberturas que le [&hellip;]<\/p>\n","protected":false},"author":1,"featured_media":0,"parent":0,"menu_order":0,"comment_status":"closed","ping_status":"closed","template":"","meta":{"site-sidebar-layout":"no-sidebar","site-content-layout":"plain-container","ast-site-content-layout":"default","site-content-style":"default","site-sidebar-style":"default","ast-global-header-display":"","ast-banner-title-visibility":"","ast-main-header-display":"","ast-hfb-above-header-display":"","ast-hfb-below-header-display":"","ast-hfb-mobile-header-display":"","site-post-title":"disabled","ast-breadcrumbs-content":"","ast-featured-img":"disabled","footer-sml-layout":"","ast-disable-related-posts":"","theme-transparent-header-meta":"default","adv-header-id-meta":"","stick-header-meta":"","header-above-stick-meta":"","header-main-stick-meta":"","header-below-stick-meta":"","astra-migrate-meta-layouts":"default","ast-page-background-enabled":"default","ast-page-background-meta":{"desktop":{"background-color":"var(--ast-global-color-4)","background-image":"","background-repeat":"repeat","background-position":"center center","background-size":"auto","background-attachment":"scroll","background-type":"","background-media":"","overlay-type":"","overlay-color":"","overlay-opacity":"","overlay-gradient":""},"tablet":{"background-color":"","background-image":"","background-repeat":"repeat","background-position":"center center","background-size":"auto","background-attachment":"scroll","background-type":"","background-media":"","overlay-type":"","overlay-color":"","overlay-opacity":"","overlay-gradient":""},"mobile":{"background-color":"","background-image":"","background-repeat":"repeat","background-position":"center center","background-size":"auto","background-attachment":"scroll","background-type":"","background-media":"","overlay-type":"","overlay-color":"","overlay-opacity":"","overlay-gradient":""}},"ast-content-background-meta":{"desktop":{"background-color":"var(--ast-global-color-5)","background-image":"","background-repeat":"repeat","background-position":"center center","background-size":"auto","background-attachment":"scroll","background-type":"","background-media":"","overlay-type":"","overlay-color":"","overlay-opacity":"","overlay-gradient":""},"tablet":{"background-color":"var(--ast-global-color-5)","background-image":"","background-repeat":"repeat","background-position":"center center","background-size":"auto","background-attachment":"scroll","background-type":"","background-media":"","overlay-type":"","overlay-color":"","overlay-opacity":"","overlay-gradient":""},"mobile":{"background-color":"var(--ast-global-color-5)","background-image":"","background-repeat":"repeat","background-position":"center center","background-size":"auto","background-attachment":"scroll","background-type":"","background-media":"","overlay-type":"","overlay-color":"","overlay-opacity":"","overlay-gradient":""}},"footnotes":""},"class_list":["post-296","page","type-page","status-publish","hentry"],"yoast_head":"<!-- This site is optimized with the Yoast SEO plugin v26.9 - https:\/\/yoast.com\/product\/yoast-seo-wordpress\/ -->\n<title>BARCOS Y EMBARCACIONES - CAMAROT Seguros de veh\u00edculos...<\/title>\n<meta name=\"description\" content=\"Embarcaciones \/Ofertas, cupones, presupuestos. Aseguradora en D\u00e9nia, Alicante. Oficina de seguros de hogar, veh\u00edculos, seguro m\u00e9dico...\" \/>\n<meta name=\"robots\" content=\"index, follow, max-snippet:-1, max-image-preview:large, max-video-preview:-1\" \/>\n<link rel=\"canonical\" href=\"https:\/\/camarot.net\/en\/barcos-embarcaciones\" \/>\n<meta property=\"og:locale\" content=\"en_US\" \/>\n<meta property=\"og:type\" content=\"article\" \/>\n<meta property=\"og:title\" content=\"BARCOS Y EMBARCACIONES - CAMAROT Seguros de veh\u00edculos...\" \/>\n<meta property=\"og:description\" content=\"Embarcaciones \/Ofertas, cupones, presupuestos. Aseguradora en D\u00e9nia, Alicante. Oficina de seguros de hogar, veh\u00edculos, seguro m\u00e9dico...\" \/>\n<meta property=\"og:url\" content=\"https:\/\/camarot.net\/en\/barcos-embarcaciones\" \/>\n<meta property=\"og:site_name\" content=\"CAMAROT\" \/>\n<meta property=\"article:modified_time\" content=\"2021-11-29T18:12:27+00:00\" \/>\n<meta name=\"twitter:card\" content=\"summary_large_image\" \/>\n<meta name=\"twitter:label1\" content=\"Est. reading time\" \/>\n\t<meta name=\"twitter:data1\" content=\"1 minute\" \/>\n<script type=\"application\/ld+json\" class=\"yoast-schema-graph\">{\"@context\":\"https:\/\/schema.org\",\"@graph\":[{\"@type\":\"WebPage\",\"@id\":\"https:\/\/camarot.net\/en\/barcos-embarcaciones\",\"url\":\"https:\/\/camarot.net\/en\/barcos-embarcaciones\",\"name\":\"BARCOS Y EMBARCACIONES - CAMAROT Seguros de veh\u00edculos...\",\"isPartOf\":{\"@id\":\"https:\/\/camarot.net\/en\/#website\"},\"datePublished\":\"2021-04-16T08:25:04+00:00\",\"dateModified\":\"2021-11-29T18:12:27+00:00\",\"description\":\"Embarcaciones \/Ofertas, cupones, presupuestos. Aseguradora en D\u00e9nia, Alicante. Oficina de seguros de hogar, veh\u00edculos, seguro m\u00e9dico...\",\"breadcrumb\":{\"@id\":\"https:\/\/camarot.net\/en\/barcos-embarcaciones#breadcrumb\"},\"inLanguage\":\"en-US\",\"potentialAction\":[{\"@type\":\"ReadAction\",\"target\":[[\"https:\/\/camarot.net\/en\/barcos-embarcaciones\"]]}]},{\"@type\":\"BreadcrumbList\",\"@id\":\"https:\/\/camarot.net\/en\/barcos-embarcaciones#breadcrumb\",\"itemListElement\":[{\"@type\":\"ListItem\",\"position\":1,\"name\":\"Portada\",\"item\":\"https:\/\/camarot.net\/en\/\"},{\"@type\":\"ListItem\",\"position\":2,\"name\":\"BOATS \u2013 VESSELS EMBARKATION\"}]},{\"@type\":\"WebSite\",\"@id\":\"https:\/\/camarot.net\/en\/#website\",\"url\":\"https:\/\/camarot.net\/en\/\",\"name\":\"CAMAROT\",\"description\":\"Insurance and Investment\",\"publisher\":{\"@id\":\"https:\/\/camarot.net\/en\/#organization\"},\"potentialAction\":[{\"@type\":\"SearchAction\",\"target\":{\"@type\":\"EntryPoint\",\"urlTemplate\":\"https:\/\/camarot.net\/en\/?s={search_term_string}\"},\"query-input\":{\"@type\":\"PropertyValueSpecification\",\"valueRequired\":true,\"valueName\":\"search_term_string\"}}],\"inLanguage\":\"en-US\"},{\"@type\":\"Organization\",\"@id\":\"https:\/\/camarot.net\/en\/#organization\",\"name\":\"CAMAROT DENIA\",\"url\":\"https:\/\/camarot.net\/en\/\",\"logo\":{\"@type\":\"ImageObject\",\"inLanguage\":\"en-US\",\"@id\":\"https:\/\/camarot.net\/en\/#\/schema\/logo\/image\/\",\"url\":\"http:\/\/camarot.net\/wp-content\/uploads\/2021\/05\/camarotmini.jpg\",\"contentUrl\":\"http:\/\/camarot.net\/wp-content\/uploads\/2021\/05\/camarotmini.jpg\",\"width\":198,\"height\":109,\"caption\":\"CAMAROT DENIA\"},\"image\":{\"@id\":\"https:\/\/camarot.net\/en\/#\/schema\/logo\/image\/\"}}]}<\/script>\n<!-- \/ Yoast SEO plugin. -->","yoast_head_json":{"title":"BARCOS Y EMBARCACIONES - CAMAROT Seguros de veh\u00edculos...","description":"Embarcaciones \/Ofertas, cupones, presupuestos. Aseguradora en D\u00e9nia, Alicante. Oficina de seguros de hogar, veh\u00edculos, seguro m\u00e9dico...","robots":{"index":"index","follow":"follow","max-snippet":"max-snippet:-1","max-image-preview":"max-image-preview:large","max-video-preview":"max-video-preview:-1"},"canonical":"https:\/\/camarot.net\/en\/barcos-embarcaciones","og_locale":"en_US","og_type":"article","og_title":"BARCOS Y EMBARCACIONES - CAMAROT Seguros de veh\u00edculos...","og_description":"Embarcaciones \/Ofertas, cupones, presupuestos. Aseguradora en D\u00e9nia, Alicante. Oficina de seguros de hogar, veh\u00edculos, seguro m\u00e9dico...","og_url":"https:\/\/camarot.net\/en\/barcos-embarcaciones","og_site_name":"CAMAROT","article_modified_time":"2021-11-29T18:12:27+00:00","twitter_card":"summary_large_image","twitter_misc":{"Est. reading time":"1 minute"},"schema":{"@context":"https:\/\/schema.org","@graph":[{"@type":"WebPage","@id":"https:\/\/camarot.net\/en\/barcos-embarcaciones","url":"https:\/\/camarot.net\/en\/barcos-embarcaciones","name":"BARCOS Y EMBARCACIONES - CAMAROT Seguros de veh\u00edculos...","isPartOf":{"@id":"https:\/\/camarot.net\/en\/#website"},"datePublished":"2021-04-16T08:25:04+00:00","dateModified":"2021-11-29T18:12:27+00:00","description":"Embarcaciones \/Ofertas, cupones, presupuestos. Aseguradora en D\u00e9nia, Alicante. Oficina de seguros de hogar, veh\u00edculos, seguro m\u00e9dico...","breadcrumb":{"@id":"https:\/\/camarot.net\/en\/barcos-embarcaciones#breadcrumb"},"inLanguage":"en-US","potentialAction":[{"@type":"ReadAction","target":[["https:\/\/camarot.net\/en\/barcos-embarcaciones"]]}]},{"@type":"BreadcrumbList","@id":"https:\/\/camarot.net\/en\/barcos-embarcaciones#breadcrumb","itemListElement":[{"@type":"ListItem","position":1,"name":"Portada","item":"https:\/\/camarot.net\/en\/"},{"@type":"ListItem","position":2,"name":"BOATS \u2013 VESSELS EMBARKATION"}]},{"@type":"WebSite","@id":"https:\/\/camarot.net\/en\/#website","url":"https:\/\/camarot.net\/en\/","name":"CAMAROT","description":"Insurance and Investment","publisher":{"@id":"https:\/\/camarot.net\/en\/#organization"},"potentialAction":[{"@type":"SearchAction","target":{"@type":"EntryPoint","urlTemplate":"https:\/\/camarot.net\/en\/?s={search_term_string}"},"query-input":{"@type":"PropertyValueSpecification","valueRequired":true,"valueName":"search_term_string"}}],"inLanguage":"en-US"},{"@type":"Organization","@id":"https:\/\/camarot.net\/en\/#organization","name":"CAMAROT DENIA","url":"https:\/\/camarot.net\/en\/","logo":{"@type":"ImageObject","inLanguage":"en-US","@id":"https:\/\/camarot.net\/en\/#\/schema\/logo\/image\/","url":"http:\/\/camarot.net\/wp-content\/uploads\/2021\/05\/camarotmini.jpg","contentUrl":"http:\/\/camarot.net\/wp-content\/uploads\/2021\/05\/camarotmini.jpg","width":198,"height":109,"caption":"CAMAROT DENIA"},"image":{"@id":"https:\/\/camarot.net\/en\/#\/schema\/logo\/image\/"}}]}},"_links":{"self":[{"href":"https:\/\/camarot.net\/en\/wp-json\/wp\/v2\/pages\/296","targetHints":{"allow":["GET"]}}],"collection":[{"href":"https:\/\/camarot.net\/en\/wp-json\/wp\/v2\/pages"}],"about":[{"href":"https:\/\/camarot.net\/en\/wp-json\/wp\/v2\/types\/page"}],"author":[{"embeddable":true,"href":"https:\/\/camarot.net\/en\/wp-json\/wp\/v2\/users\/1"}],"replies":[{"embeddable":true,"href":"https:\/\/camarot.net\/en\/wp-json\/wp\/v2\/comments?post=296"}],"version-history":[{"count":23,"href":"https:\/\/camarot.net\/en\/wp-json\/wp\/v2\/pages\/296\/revisions"}],"predecessor-version":[{"id":1065,"href":"https:\/\/camarot.net\/en\/wp-json\/wp\/v2\/pages\/296\/revisions\/1065"}],"wp:attachment":[{"href":"https:\/\/camarot.net\/en\/wp-json\/wp\/v2\/media?parent=296"}],"curies":[{"name":"wp","href":"https:\/\/api.w.org\/{rel}","templated":true}]}}