{"id":274,"date":"2021-04-16T08:11:13","date_gmt":"2021-04-16T08:11:13","guid":{"rendered":"http:\/\/camarot.net\/?page_id=274"},"modified":"2021-11-29T18:24:21","modified_gmt":"2021-11-29T18:24:21","slug":"medico","status":"publish","type":"page","link":"https:\/\/camarot.net\/en\/medico","title":{"rendered":"HEALTH INSURANCE    <SERVICES>"},"content":{"rendered":"<div class=\"wpb-content-wrapper\"><p>[vc_row][vc_column][vc_column_text][\/vc_column_text][\/vc_column][\/vc_row][vc_row][vc_column][vc_column_text]<\/p>\n<h2><strong><span style=\"color: #30316a;\">HEALTH INSURANCE<\/span><\/strong><\/h2>\n<p>[\/vc_column_text][\/vc_column][\/vc_row][vc_row][vc_column width=&#8221;2\/3&#8243;][vc_single_image image=&#8221;277&#8243; img_size=&#8221;full&#8221; alignment=&#8221;center&#8221;][\/vc_column][vc_column width=&#8221;1\/3&#8243;][\/vc_column][\/vc_row][vc_row][vc_column width=&#8221;2\/3&#8243;][vc_column_text]<\/p>\n<h4><span style=\"color: #03adf7;\"><strong>Your health in the hands of the best medical specialists.<\/strong><\/span><\/h4>\n<p>[\/vc_column_text][\/vc_column][vc_column width=&#8221;1\/3&#8243;][\/vc_column][\/vc_row][vc_row][vc_column width=&#8221;2\/3&#8243;][vc_column_text]<\/p>\n<div class=\"vc_row wpb_row vc_inner vc_row-fluid\">\n<div class=\"wpb_column vc_column_container vc_col-sm-4\">\n<div class=\"vc_column-inner\">\n<div class=\"wpb_wrapper\">\n<div class=\"wpb_text_column wpb_content_element \">\n<div class=\"wpb_wrapper\">\n<ul>\n<li>General medicine.<\/li>\n<li>Emergency.<\/li>\n<li>Specialists.<\/li>\n<li>Clinical Analysis.<\/li>\n<\/ul>\n<\/div>\n<\/div>\n<\/div>\n<\/div>\n<\/div>\n<div class=\"wpb_column vc_column_container vc_col-sm-8\">\n<div class=\"vc_column-inner\">\n<div class=\"wpb_wrapper\">\n<div class=\"wpb_text_column wpb_content_element \">\n<div class=\"wpb_wrapper\">\n<ul>\n<li>Ambulance services.<\/li>\n<li>Gynecological and urological examinations.<\/li>\n<li>X-Rays.<\/li>\n<li>High-Tech diagnostics: CT, MRI.<\/li>\n<\/ul>\n<\/div>\n<\/div>\n<\/div>\n<\/div>\n<\/div>\n<\/div>\n<p>[\/vc_column_text][\/vc_column][vc_column width=&#8221;1\/3&#8243;][\/vc_column][\/vc_row][vc_row][vc_column width=&#8221;2\/3&#8243;][vc_column_text]These are just some of the coverages we offer. For more information, please contact us.[\/vc_column_text][\/vc_column][vc_column width=&#8221;1\/3&#8243;][\/vc_column][\/vc_row]<\/p>\n<\/div>","protected":false},"excerpt":{"rendered":"<p>[vc_row][vc_column][vc_column_text][\/vc_column_text][\/vc_column][\/vc_row][vc_row][vc_column][vc_column_text] HEALTH INSURANCE [\/vc_column_text][\/vc_column][\/vc_row][vc_row][vc_column width=&#8221;2\/3&#8243;][vc_single_image image=&#8221;277&#8243; img_size=&#8221;full&#8221; alignment=&#8221;center&#8221;][\/vc_column][vc_column width=&#8221;1\/3&#8243;][\/vc_column][\/vc_row][vc_row][vc_column width=&#8221;2\/3&#8243;][vc_column_text] Your health in the hands of the best medical specialists. [\/vc_column_text][\/vc_column][vc_column width=&#8221;1\/3&#8243;][\/vc_column][\/vc_row][vc_row][vc_column width=&#8221;2\/3&#8243;][vc_column_text] General medicine. Emergency. Specialists. Clinical Analysis. Ambulance services. Gynecological and urological examinations. X-Rays. High-Tech diagnostics: CT, MRI. [\/vc_column_text][\/vc_column][vc_column width=&#8221;1\/3&#8243;][\/vc_column][\/vc_row][vc_row][vc_column width=&#8221;2\/3&#8243;][vc_column_text]These are just some of the coverages we offer. For more information, please [&hellip;]<\/p>\n","protected":false},"author":1,"featured_media":0,"parent":0,"menu_order":0,"comment_status":"closed","ping_status":"closed","template":"","meta":{"site-sidebar-layout":"no-sidebar","site-content-layout":"plain-container","ast-site-content-layout":"default","site-content-style":"default","site-sidebar-style":"default","ast-global-header-display":"","ast-banner-title-visibility":"","ast-main-header-display":"","ast-hfb-above-header-display":"","ast-hfb-below-header-display":"","ast-hfb-mobile-header-display":"","site-post-title":"disabled","ast-breadcrumbs-content":"","ast-featured-img":"disabled","footer-sml-layout":"","ast-disable-related-posts":"","theme-transparent-header-meta":"default","adv-header-id-meta":"","stick-header-meta":"","header-above-stick-meta":"","header-main-stick-meta":"","header-below-stick-meta":"","astra-migrate-meta-layouts":"default","ast-page-background-enabled":"default","ast-page-background-meta":{"desktop":{"background-color":"var(--ast-global-color-4)","background-image":"","background-repeat":"repeat","background-position":"center center","background-size":"auto","background-attachment":"scroll","background-type":"","background-media":"","overlay-type":"","overlay-color":"","overlay-opacity":"","overlay-gradient":""},"tablet":{"background-color":"","background-image":"","background-repeat":"repeat","background-position":"center center","background-size":"auto","background-attachment":"scroll","background-type":"","background-media":"","overlay-type":"","overlay-color":"","overlay-opacity":"","overlay-gradient":""},"mobile":{"background-color":"","background-image":"","background-repeat":"repeat","background-position":"center center","background-size":"auto","background-attachment":"scroll","background-type":"","background-media":"","overlay-type":"","overlay-color":"","overlay-opacity":"","overlay-gradient":""}},"ast-content-background-meta":{"desktop":{"background-color":"var(--ast-global-color-5)","background-image":"","background-repeat":"repeat","background-position":"center center","background-size":"auto","background-attachment":"scroll","background-type":"","background-media":"","overlay-type":"","overlay-color":"","overlay-opacity":"","overlay-gradient":""},"tablet":{"background-color":"var(--ast-global-color-5)","background-image":"","background-repeat":"repeat","background-position":"center center","background-size":"auto","background-attachment":"scroll","background-type":"","background-media":"","overlay-type":"","overlay-color":"","overlay-opacity":"","overlay-gradient":""},"mobile":{"background-color":"var(--ast-global-color-5)","background-image":"","background-repeat":"repeat","background-position":"center center","background-size":"auto","background-attachment":"scroll","background-type":"","background-media":"","overlay-type":"","overlay-color":"","overlay-opacity":"","overlay-gradient":""}},"footnotes":""},"class_list":["post-274","page","type-page","status-publish","hentry"],"yoast_head":"<!-- This site is optimized with the Yoast SEO plugin v26.9 - https:\/\/yoast.com\/product\/yoast-seo-wordpress\/ -->\n<title>M\u00c9DICO- SEGURO - CAMAROT Su salud est\u00e1 en manos de los mejores<\/title>\n<meta name=\"description\" content=\"Seguro m\u00e9dico. Su salud est\u00e1 en manos de los mejores especialistas m\u00e9dicos. - Medicina general - Urgencias - Especialistas - Rayos X ...\" \/>\n<meta name=\"robots\" content=\"index, follow, max-snippet:-1, max-image-preview:large, max-video-preview:-1\" \/>\n<link rel=\"canonical\" href=\"https:\/\/camarot.net\/en\/medico\" \/>\n<meta property=\"og:locale\" content=\"en_US\" \/>\n<meta property=\"og:type\" content=\"article\" \/>\n<meta property=\"og:title\" content=\"M\u00c9DICO- SEGURO - CAMAROT Su salud est\u00e1 en manos de los mejores\" \/>\n<meta property=\"og:description\" content=\"Seguro m\u00e9dico. Su salud est\u00e1 en manos de los mejores especialistas m\u00e9dicos. - Medicina general - Urgencias - Especialistas - Rayos X ...\" \/>\n<meta property=\"og:url\" content=\"https:\/\/camarot.net\/en\/medico\" \/>\n<meta property=\"og:site_name\" content=\"CAMAROT\" \/>\n<meta property=\"article:modified_time\" content=\"2021-11-29T18:24:21+00:00\" \/>\n<meta name=\"twitter:card\" content=\"summary_large_image\" \/>\n<meta name=\"twitter:label1\" content=\"Est. reading time\" \/>\n\t<meta name=\"twitter:data1\" content=\"1 minute\" \/>\n<script type=\"application\/ld+json\" class=\"yoast-schema-graph\">{\"@context\":\"https:\/\/schema.org\",\"@graph\":[{\"@type\":\"WebPage\",\"@id\":\"https:\/\/camarot.net\/en\/medico\",\"url\":\"https:\/\/camarot.net\/en\/medico\",\"name\":\"M\u00c9DICO- SEGURO - CAMAROT Su salud est\u00e1 en manos de los mejores\",\"isPartOf\":{\"@id\":\"https:\/\/camarot.net\/en\/#website\"},\"datePublished\":\"2021-04-16T08:11:13+00:00\",\"dateModified\":\"2021-11-29T18:24:21+00:00\",\"description\":\"Seguro m\u00e9dico. Su salud est\u00e1 en manos de los mejores especialistas m\u00e9dicos. - Medicina general - Urgencias - Especialistas - Rayos X ...\",\"breadcrumb\":{\"@id\":\"https:\/\/camarot.net\/en\/medico#breadcrumb\"},\"inLanguage\":\"en-US\",\"potentialAction\":[{\"@type\":\"ReadAction\",\"target\":[[\"https:\/\/camarot.net\/en\/medico\"]]}]},{\"@type\":\"BreadcrumbList\",\"@id\":\"https:\/\/camarot.net\/en\/medico#breadcrumb\",\"itemListElement\":[{\"@type\":\"ListItem\",\"position\":1,\"name\":\"Portada\",\"item\":\"https:\/\/camarot.net\/en\/\"},{\"@type\":\"ListItem\",\"position\":2,\"name\":\"HEALTH INSURANCE\"}]},{\"@type\":\"WebSite\",\"@id\":\"https:\/\/camarot.net\/en\/#website\",\"url\":\"https:\/\/camarot.net\/en\/\",\"name\":\"CAMAROT\",\"description\":\"Insurance and Investment\",\"publisher\":{\"@id\":\"https:\/\/camarot.net\/en\/#organization\"},\"potentialAction\":[{\"@type\":\"SearchAction\",\"target\":{\"@type\":\"EntryPoint\",\"urlTemplate\":\"https:\/\/camarot.net\/en\/?s={search_term_string}\"},\"query-input\":{\"@type\":\"PropertyValueSpecification\",\"valueRequired\":true,\"valueName\":\"search_term_string\"}}],\"inLanguage\":\"en-US\"},{\"@type\":\"Organization\",\"@id\":\"https:\/\/camarot.net\/en\/#organization\",\"name\":\"CAMAROT DENIA\",\"url\":\"https:\/\/camarot.net\/en\/\",\"logo\":{\"@type\":\"ImageObject\",\"inLanguage\":\"en-US\",\"@id\":\"https:\/\/camarot.net\/en\/#\/schema\/logo\/image\/\",\"url\":\"http:\/\/camarot.net\/wp-content\/uploads\/2021\/05\/camarotmini.jpg\",\"contentUrl\":\"http:\/\/camarot.net\/wp-content\/uploads\/2021\/05\/camarotmini.jpg\",\"width\":198,\"height\":109,\"caption\":\"CAMAROT DENIA\"},\"image\":{\"@id\":\"https:\/\/camarot.net\/en\/#\/schema\/logo\/image\/\"}}]}<\/script>\n<!-- \/ Yoast SEO plugin. -->","yoast_head_json":{"title":"M\u00c9DICO- SEGURO - CAMAROT Su salud est\u00e1 en manos de los mejores","description":"Seguro m\u00e9dico. Su salud est\u00e1 en manos de los mejores especialistas m\u00e9dicos. - Medicina general - Urgencias - Especialistas - Rayos X ...","robots":{"index":"index","follow":"follow","max-snippet":"max-snippet:-1","max-image-preview":"max-image-preview:large","max-video-preview":"max-video-preview:-1"},"canonical":"https:\/\/camarot.net\/en\/medico","og_locale":"en_US","og_type":"article","og_title":"M\u00c9DICO- SEGURO - CAMAROT Su salud est\u00e1 en manos de los mejores","og_description":"Seguro m\u00e9dico. Su salud est\u00e1 en manos de los mejores especialistas m\u00e9dicos. - Medicina general - Urgencias - Especialistas - Rayos X ...","og_url":"https:\/\/camarot.net\/en\/medico","og_site_name":"CAMAROT","article_modified_time":"2021-11-29T18:24:21+00:00","twitter_card":"summary_large_image","twitter_misc":{"Est. reading time":"1 minute"},"schema":{"@context":"https:\/\/schema.org","@graph":[{"@type":"WebPage","@id":"https:\/\/camarot.net\/en\/medico","url":"https:\/\/camarot.net\/en\/medico","name":"M\u00c9DICO- SEGURO - CAMAROT Su salud est\u00e1 en manos de los mejores","isPartOf":{"@id":"https:\/\/camarot.net\/en\/#website"},"datePublished":"2021-04-16T08:11:13+00:00","dateModified":"2021-11-29T18:24:21+00:00","description":"Seguro m\u00e9dico. Su salud est\u00e1 en manos de los mejores especialistas m\u00e9dicos. - Medicina general - Urgencias - Especialistas - Rayos X ...","breadcrumb":{"@id":"https:\/\/camarot.net\/en\/medico#breadcrumb"},"inLanguage":"en-US","potentialAction":[{"@type":"ReadAction","target":[["https:\/\/camarot.net\/en\/medico"]]}]},{"@type":"BreadcrumbList","@id":"https:\/\/camarot.net\/en\/medico#breadcrumb","itemListElement":[{"@type":"ListItem","position":1,"name":"Portada","item":"https:\/\/camarot.net\/en\/"},{"@type":"ListItem","position":2,"name":"HEALTH INSURANCE"}]},{"@type":"WebSite","@id":"https:\/\/camarot.net\/en\/#website","url":"https:\/\/camarot.net\/en\/","name":"CAMAROT","description":"Insurance and Investment","publisher":{"@id":"https:\/\/camarot.net\/en\/#organization"},"potentialAction":[{"@type":"SearchAction","target":{"@type":"EntryPoint","urlTemplate":"https:\/\/camarot.net\/en\/?s={search_term_string}"},"query-input":{"@type":"PropertyValueSpecification","valueRequired":true,"valueName":"search_term_string"}}],"inLanguage":"en-US"},{"@type":"Organization","@id":"https:\/\/camarot.net\/en\/#organization","name":"CAMAROT DENIA","url":"https:\/\/camarot.net\/en\/","logo":{"@type":"ImageObject","inLanguage":"en-US","@id":"https:\/\/camarot.net\/en\/#\/schema\/logo\/image\/","url":"http:\/\/camarot.net\/wp-content\/uploads\/2021\/05\/camarotmini.jpg","contentUrl":"http:\/\/camarot.net\/wp-content\/uploads\/2021\/05\/camarotmini.jpg","width":198,"height":109,"caption":"CAMAROT DENIA"},"image":{"@id":"https:\/\/camarot.net\/en\/#\/schema\/logo\/image\/"}}]}},"_links":{"self":[{"href":"https:\/\/camarot.net\/en\/wp-json\/wp\/v2\/pages\/274","targetHints":{"allow":["GET"]}}],"collection":[{"href":"https:\/\/camarot.net\/en\/wp-json\/wp\/v2\/pages"}],"about":[{"href":"https:\/\/camarot.net\/en\/wp-json\/wp\/v2\/types\/page"}],"author":[{"embeddable":true,"href":"https:\/\/camarot.net\/en\/wp-json\/wp\/v2\/users\/1"}],"replies":[{"embeddable":true,"href":"https:\/\/camarot.net\/en\/wp-json\/wp\/v2\/comments?post=274"}],"version-history":[{"count":12,"href":"https:\/\/camarot.net\/en\/wp-json\/wp\/v2\/pages\/274\/revisions"}],"predecessor-version":[{"id":1071,"href":"https:\/\/camarot.net\/en\/wp-json\/wp\/v2\/pages\/274\/revisions\/1071"}],"wp:attachment":[{"href":"https:\/\/camarot.net\/en\/wp-json\/wp\/v2\/media?parent=274"}],"curies":[{"name":"wp","href":"https:\/\/api.w.org\/{rel}","templated":true}]}}