{"id":196,"date":"2021-04-15T16:06:20","date_gmt":"2021-04-15T16:06:20","guid":{"rendered":"http:\/\/camarot.net\/?page_id=196"},"modified":"2021-11-29T18:25:06","modified_gmt":"2021-11-29T18:25:06","slug":"hogar","status":"publish","type":"page","link":"https:\/\/camarot.net\/en\/hogar","title":{"rendered":"HOME <services>"},"content":{"rendered":"<div class=\"wpb-content-wrapper\"><p>[vc_row][vc_column][vc_column_text][\/vc_column_text][\/vc_column][\/vc_row][vc_row][vc_column][vc_column_text]<\/p>\n<h2><strong><span style=\"color: #30316a;\">HOME<\/span><\/strong><\/h2>\n<p>[\/vc_column_text][\/vc_column][\/vc_row][vc_row][vc_column width=&#8221;2\/3&#8243;][vc_single_image image=&#8221;205&#8243; img_size=&#8221;full&#8221; alignment=&#8221;center&#8221;][\/vc_column][vc_column width=&#8221;1\/3&#8243;][\/vc_column][\/vc_row][vc_row][vc_column width=&#8221;2\/3&#8243;][vc_column_text]<\/p>\n<h4><span style=\"color: #03adf7;\"><strong>Insurance for your home, 2nd residence and\/or rental.<\/strong><\/span><\/h4>\n<p>[\/vc_column_text][\/vc_column][vc_column width=&#8221;1\/3&#8243;][\/vc_column][\/vc_row][vc_row][vc_column width=&#8221;2\/3&#8243;][vc_column_text]<\/p>\n<div class=\"vc_row wpb_row vc_inner vc_row-fluid\">\n<div class=\"wpb_column vc_column_container vc_col-sm-4\">\n<div class=\"vc_column-inner\">\n<div class=\"wpb_wrapper\">\n<div class=\"wpb_text_column wpb_content_element \">\n<div class=\"wpb_wrapper\">\n<ul>\n<li>Liability coverage.<\/li>\n<li>Legal protection.<\/li>\n<li>Detached structures.<\/li>\n<li>Vandalism.<\/li>\n<\/ul>\n<\/div>\n<\/div>\n<\/div>\n<\/div>\n<\/div>\n<div class=\"wpb_column vc_column_container vc_col-sm-8\">\n<div class=\"vc_column-inner\">\n<div class=\"wpb_wrapper\">\n<div class=\"wpb_text_column wpb_content_element \">\n<div class=\"wpb_wrapper\">\n<ul>\n<li>Damage due to fire, smoke, rain, etc..<\/li>\n<li>Electrical damage.<\/li>\n<li>Theft.<\/li>\n<\/ul>\n<\/div>\n<\/div>\n<\/div>\n<\/div>\n<\/div>\n<\/div>\n<p>[\/vc_column_text][\/vc_column][vc_column width=&#8221;1\/3&#8243;][\/vc_column][\/vc_row][vc_row][vc_column width=&#8221;2\/3&#8243;][vc_column_text]These are just some of the coverages we offer. For more information, please contact us.[\/vc_column_text][\/vc_column][vc_column width=&#8221;1\/3&#8243;][\/vc_column][\/vc_row]<\/p>\n<\/div>","protected":false},"excerpt":{"rendered":"<p>[vc_row][vc_column][vc_column_text][\/vc_column_text][\/vc_column][\/vc_row][vc_row][vc_column][vc_column_text] HOME [\/vc_column_text][\/vc_column][\/vc_row][vc_row][vc_column width=&#8221;2\/3&#8243;][vc_single_image image=&#8221;205&#8243; img_size=&#8221;full&#8221; alignment=&#8221;center&#8221;][\/vc_column][vc_column width=&#8221;1\/3&#8243;][\/vc_column][\/vc_row][vc_row][vc_column width=&#8221;2\/3&#8243;][vc_column_text] Insurance for your home, 2nd residence and\/or rental. [\/vc_column_text][\/vc_column][vc_column width=&#8221;1\/3&#8243;][\/vc_column][\/vc_row][vc_row][vc_column width=&#8221;2\/3&#8243;][vc_column_text] Liability coverage. Legal protection. Detached structures. Vandalism. Damage due to fire, smoke, rain, etc.. Electrical damage. Theft. [\/vc_column_text][\/vc_column][vc_column width=&#8221;1\/3&#8243;][\/vc_column][\/vc_row][vc_row][vc_column width=&#8221;2\/3&#8243;][vc_column_text]These are just some of the coverages we offer. For more information, please contact us.[\/vc_column_text][\/vc_column][vc_column width=&#8221;1\/3&#8243;][\/vc_column][\/vc_row]<\/p>\n","protected":false},"author":1,"featured_media":0,"parent":0,"menu_order":0,"comment_status":"closed","ping_status":"closed","template":"","meta":{"site-sidebar-layout":"no-sidebar","site-content-layout":"plain-container","ast-site-content-layout":"default","site-content-style":"default","site-sidebar-style":"default","ast-global-header-display":"","ast-banner-title-visibility":"","ast-main-header-display":"","ast-hfb-above-header-display":"","ast-hfb-below-header-display":"","ast-hfb-mobile-header-display":"","site-post-title":"disabled","ast-breadcrumbs-content":"","ast-featured-img":"disabled","footer-sml-layout":"","ast-disable-related-posts":"","theme-transparent-header-meta":"default","adv-header-id-meta":"","stick-header-meta":"","header-above-stick-meta":"","header-main-stick-meta":"","header-below-stick-meta":"","astra-migrate-meta-layouts":"default","ast-page-background-enabled":"default","ast-page-background-meta":{"desktop":{"background-color":"var(--ast-global-color-4)","background-image":"","background-repeat":"repeat","background-position":"center center","background-size":"auto","background-attachment":"scroll","background-type":"","background-media":"","overlay-type":"","overlay-color":"","overlay-opacity":"","overlay-gradient":""},"tablet":{"background-color":"","background-image":"","background-repeat":"repeat","background-position":"center center","background-size":"auto","background-attachment":"scroll","background-type":"","background-media":"","overlay-type":"","overlay-color":"","overlay-opacity":"","overlay-gradient":""},"mobile":{"background-color":"","background-image":"","background-repeat":"repeat","background-position":"center center","background-size":"auto","background-attachment":"scroll","background-type":"","background-media":"","overlay-type":"","overlay-color":"","overlay-opacity":"","overlay-gradient":""}},"ast-content-background-meta":{"desktop":{"background-color":"var(--ast-global-color-5)","background-image":"","background-repeat":"repeat","background-position":"center center","background-size":"auto","background-attachment":"scroll","background-type":"","background-media":"","overlay-type":"","overlay-color":"","overlay-opacity":"","overlay-gradient":""},"tablet":{"background-color":"var(--ast-global-color-5)","background-image":"","background-repeat":"repeat","background-position":"center center","background-size":"auto","background-attachment":"scroll","background-type":"","background-media":"","overlay-type":"","overlay-color":"","overlay-opacity":"","overlay-gradient":""},"mobile":{"background-color":"var(--ast-global-color-5)","background-image":"","background-repeat":"repeat","background-position":"center center","background-size":"auto","background-attachment":"scroll","background-type":"","background-media":"","overlay-type":"","overlay-color":"","overlay-opacity":"","overlay-gradient":""}},"footnotes":""},"class_list":["post-196","page","type-page","status-publish","hentry"],"yoast_head":"<!-- This site is optimized with the Yoast SEO plugin v26.9 - https:\/\/yoast.com\/product\/yoast-seo-wordpress\/ -->\n<title>HOGAR-SEGUROS - CAMAROT Seguros para su hogar principal...<\/title>\n<meta name=\"description\" content=\"HOGAR-SEGUROS - Seguros para su hogar principal, 2\u00aa residencia y\/o alquiler. - Da\u00f1os por incendio, humo, lluvia, etc. - Da\u00f1os el\u00e9ctricos...\" \/>\n<meta name=\"robots\" content=\"index, follow, max-snippet:-1, max-image-preview:large, max-video-preview:-1\" \/>\n<link rel=\"canonical\" href=\"https:\/\/camarot.net\/en\/hogar\" \/>\n<meta property=\"og:locale\" content=\"en_US\" \/>\n<meta property=\"og:type\" content=\"article\" \/>\n<meta property=\"og:title\" content=\"HOGAR-SEGUROS - CAMAROT Seguros para su hogar principal...\" \/>\n<meta property=\"og:description\" content=\"HOGAR-SEGUROS - Seguros para su hogar principal, 2\u00aa residencia y\/o alquiler. - Da\u00f1os por incendio, humo, lluvia, etc. - Da\u00f1os el\u00e9ctricos...\" \/>\n<meta property=\"og:url\" content=\"https:\/\/camarot.net\/en\/hogar\" \/>\n<meta property=\"og:site_name\" content=\"CAMAROT\" \/>\n<meta property=\"article:modified_time\" content=\"2021-11-29T18:25:06+00:00\" \/>\n<meta name=\"twitter:card\" content=\"summary_large_image\" \/>\n<meta name=\"twitter:label1\" content=\"Est. reading time\" \/>\n\t<meta name=\"twitter:data1\" content=\"1 minute\" \/>\n<script type=\"application\/ld+json\" class=\"yoast-schema-graph\">{\"@context\":\"https:\/\/schema.org\",\"@graph\":[{\"@type\":\"WebPage\",\"@id\":\"https:\/\/camarot.net\/en\/hogar\",\"url\":\"https:\/\/camarot.net\/en\/hogar\",\"name\":\"HOGAR-SEGUROS - CAMAROT Seguros para su hogar principal...\",\"isPartOf\":{\"@id\":\"https:\/\/camarot.net\/en\/#website\"},\"datePublished\":\"2021-04-15T16:06:20+00:00\",\"dateModified\":\"2021-11-29T18:25:06+00:00\",\"description\":\"HOGAR-SEGUROS - Seguros para su hogar principal, 2\u00aa residencia y\/o alquiler. - Da\u00f1os por incendio, humo, lluvia, etc. - Da\u00f1os el\u00e9ctricos...\",\"breadcrumb\":{\"@id\":\"https:\/\/camarot.net\/en\/hogar#breadcrumb\"},\"inLanguage\":\"en-US\",\"potentialAction\":[{\"@type\":\"ReadAction\",\"target\":[[\"https:\/\/camarot.net\/en\/hogar\"]]}]},{\"@type\":\"BreadcrumbList\",\"@id\":\"https:\/\/camarot.net\/en\/hogar#breadcrumb\",\"itemListElement\":[{\"@type\":\"ListItem\",\"position\":1,\"name\":\"Portada\",\"item\":\"https:\/\/camarot.net\/en\/\"},{\"@type\":\"ListItem\",\"position\":2,\"name\":\"HOME\"}]},{\"@type\":\"WebSite\",\"@id\":\"https:\/\/camarot.net\/en\/#website\",\"url\":\"https:\/\/camarot.net\/en\/\",\"name\":\"CAMAROT\",\"description\":\"Insurance and Investment\",\"publisher\":{\"@id\":\"https:\/\/camarot.net\/en\/#organization\"},\"potentialAction\":[{\"@type\":\"SearchAction\",\"target\":{\"@type\":\"EntryPoint\",\"urlTemplate\":\"https:\/\/camarot.net\/en\/?s={search_term_string}\"},\"query-input\":{\"@type\":\"PropertyValueSpecification\",\"valueRequired\":true,\"valueName\":\"search_term_string\"}}],\"inLanguage\":\"en-US\"},{\"@type\":\"Organization\",\"@id\":\"https:\/\/camarot.net\/en\/#organization\",\"name\":\"CAMAROT DENIA\",\"url\":\"https:\/\/camarot.net\/en\/\",\"logo\":{\"@type\":\"ImageObject\",\"inLanguage\":\"en-US\",\"@id\":\"https:\/\/camarot.net\/en\/#\/schema\/logo\/image\/\",\"url\":\"http:\/\/camarot.net\/wp-content\/uploads\/2021\/05\/camarotmini.jpg\",\"contentUrl\":\"http:\/\/camarot.net\/wp-content\/uploads\/2021\/05\/camarotmini.jpg\",\"width\":198,\"height\":109,\"caption\":\"CAMAROT DENIA\"},\"image\":{\"@id\":\"https:\/\/camarot.net\/en\/#\/schema\/logo\/image\/\"}}]}<\/script>\n<!-- \/ Yoast SEO plugin. -->","yoast_head_json":{"title":"HOGAR-SEGUROS - CAMAROT Seguros para su hogar principal...","description":"HOGAR-SEGUROS - Seguros para su hogar principal, 2\u00aa residencia y\/o alquiler. - Da\u00f1os por incendio, humo, lluvia, etc. - Da\u00f1os el\u00e9ctricos...","robots":{"index":"index","follow":"follow","max-snippet":"max-snippet:-1","max-image-preview":"max-image-preview:large","max-video-preview":"max-video-preview:-1"},"canonical":"https:\/\/camarot.net\/en\/hogar","og_locale":"en_US","og_type":"article","og_title":"HOGAR-SEGUROS - CAMAROT Seguros para su hogar principal...","og_description":"HOGAR-SEGUROS - Seguros para su hogar principal, 2\u00aa residencia y\/o alquiler. - Da\u00f1os por incendio, humo, lluvia, etc. - Da\u00f1os el\u00e9ctricos...","og_url":"https:\/\/camarot.net\/en\/hogar","og_site_name":"CAMAROT","article_modified_time":"2021-11-29T18:25:06+00:00","twitter_card":"summary_large_image","twitter_misc":{"Est. reading time":"1 minute"},"schema":{"@context":"https:\/\/schema.org","@graph":[{"@type":"WebPage","@id":"https:\/\/camarot.net\/en\/hogar","url":"https:\/\/camarot.net\/en\/hogar","name":"HOGAR-SEGUROS - CAMAROT Seguros para su hogar principal...","isPartOf":{"@id":"https:\/\/camarot.net\/en\/#website"},"datePublished":"2021-04-15T16:06:20+00:00","dateModified":"2021-11-29T18:25:06+00:00","description":"HOGAR-SEGUROS - Seguros para su hogar principal, 2\u00aa residencia y\/o alquiler. - Da\u00f1os por incendio, humo, lluvia, etc. - Da\u00f1os el\u00e9ctricos...","breadcrumb":{"@id":"https:\/\/camarot.net\/en\/hogar#breadcrumb"},"inLanguage":"en-US","potentialAction":[{"@type":"ReadAction","target":[["https:\/\/camarot.net\/en\/hogar"]]}]},{"@type":"BreadcrumbList","@id":"https:\/\/camarot.net\/en\/hogar#breadcrumb","itemListElement":[{"@type":"ListItem","position":1,"name":"Portada","item":"https:\/\/camarot.net\/en\/"},{"@type":"ListItem","position":2,"name":"HOME"}]},{"@type":"WebSite","@id":"https:\/\/camarot.net\/en\/#website","url":"https:\/\/camarot.net\/en\/","name":"CAMAROT","description":"Insurance and Investment","publisher":{"@id":"https:\/\/camarot.net\/en\/#organization"},"potentialAction":[{"@type":"SearchAction","target":{"@type":"EntryPoint","urlTemplate":"https:\/\/camarot.net\/en\/?s={search_term_string}"},"query-input":{"@type":"PropertyValueSpecification","valueRequired":true,"valueName":"search_term_string"}}],"inLanguage":"en-US"},{"@type":"Organization","@id":"https:\/\/camarot.net\/en\/#organization","name":"CAMAROT DENIA","url":"https:\/\/camarot.net\/en\/","logo":{"@type":"ImageObject","inLanguage":"en-US","@id":"https:\/\/camarot.net\/en\/#\/schema\/logo\/image\/","url":"http:\/\/camarot.net\/wp-content\/uploads\/2021\/05\/camarotmini.jpg","contentUrl":"http:\/\/camarot.net\/wp-content\/uploads\/2021\/05\/camarotmini.jpg","width":198,"height":109,"caption":"CAMAROT DENIA"},"image":{"@id":"https:\/\/camarot.net\/en\/#\/schema\/logo\/image\/"}}]}},"_links":{"self":[{"href":"https:\/\/camarot.net\/en\/wp-json\/wp\/v2\/pages\/196","targetHints":{"allow":["GET"]}}],"collection":[{"href":"https:\/\/camarot.net\/en\/wp-json\/wp\/v2\/pages"}],"about":[{"href":"https:\/\/camarot.net\/en\/wp-json\/wp\/v2\/types\/page"}],"author":[{"embeddable":true,"href":"https:\/\/camarot.net\/en\/wp-json\/wp\/v2\/users\/1"}],"replies":[{"embeddable":true,"href":"https:\/\/camarot.net\/en\/wp-json\/wp\/v2\/comments?post=196"}],"version-history":[{"count":42,"href":"https:\/\/camarot.net\/en\/wp-json\/wp\/v2\/pages\/196\/revisions"}],"predecessor-version":[{"id":1072,"href":"https:\/\/camarot.net\/en\/wp-json\/wp\/v2\/pages\/196\/revisions\/1072"}],"wp:attachment":[{"href":"https:\/\/camarot.net\/en\/wp-json\/wp\/v2\/media?parent=196"}],"curies":[{"name":"wp","href":"https:\/\/api.w.org\/{rel}","templated":true}]}}