{"id":90,"date":"2021-04-14T17:08:41","date_gmt":"2021-04-14T17:08:41","guid":{"rendered":"http:\/\/camarot.net\/?page_id=90"},"modified":"2021-11-26T15:43:08","modified_gmt":"2021-11-26T15:43:08","slug":"agencia-aseguradora","status":"publish","type":"page","link":"https:\/\/camarot.net\/de\/agencia-aseguradora","title":{"rendered":"\u00dcBER CAMAROT"},"content":{"rendered":"<div class=\"wpb-content-wrapper\"><p>[vc_row][vc_column][vc_row_inner][vc_column_inner][vc_separator color=&#8220;white&#8220;][\/vc_column_inner][\/vc_row_inner][\/vc_column][\/vc_row][vc_row][vc_column][vc_column_text]<\/p>\n<h2><strong><span style=\"color: #000080; font-family: Raleway,arial;\">\u00dcBER CAMAROT<\/span><\/strong><\/h2>\n<p>[\/vc_column_text][\/vc_column][\/vc_row][vc_row][vc_column][vc_column_text]<\/p>\n<div class=\"wpb_text_column wpb_content_element \">\n<div class=\"wpb_wrapper\" style=\"font-family: Raleway,arial;\">\n<p>Wir sind eine gut vernetzte Vesicherungs-Angentur die eine breite Palette an Dienstleistungen im Versicherungssektor anbietet. Mit der Erfahrung von \u00fcber 17 Jahren haben wir uns zu einer der vertrauensw\u00fcrdigsten Agenturen etabliert.<\/p>\n<p>Nach der Analyse Ihrer Daten entwickeln wir f\u00fcr sie kundenorientiert ein Produkt, das ihren Bed\u00fcrfnissen entspricht. Wir garantieren Ihnen, dass wir das versichern was Sie w\u00fcnschen.<\/p>\n<p>Die Versicherungswirtschaft verbessert sich st\u00e4ndig weiter. So wurden in den letzten Jahren neue Versicherungs-Deckungen entwickelt , wodurch neue Spar- und Anlageformen entstanden sind. Wir studieren professionelle neue Vorschl\u00e4ge um Sie zu informieren und um Ihnen die besten Produkte und Dienstleistungen anbieten zu k\u00f6nnen.<\/p>\n<p>Sergio P\u00e9rez Corral. Vorbereitung und Organisation.<\/p>\n<\/div>\n<\/div>\n<p>[\/vc_column_text][\/vc_column][\/vc_row][vc_row][vc_column][vc_separator color=&#8220;white&#8220;][\/vc_column][\/vc_row]<\/p>\n<\/div>","protected":false},"excerpt":{"rendered":"<p>[vc_row][vc_column][vc_row_inner][vc_column_inner][vc_separator color=&#8220;white&#8220;][\/vc_column_inner][\/vc_row_inner][\/vc_column][\/vc_row][vc_row][vc_column][vc_column_text] \u00dcBER CAMAROT [\/vc_column_text][\/vc_column][\/vc_row][vc_row][vc_column][vc_column_text] Wir sind eine gut vernetzte Vesicherungs-Angentur die eine breite Palette an Dienstleistungen im Versicherungssektor anbietet. Mit der Erfahrung von \u00fcber 17 Jahren haben wir uns zu einer der vertrauensw\u00fcrdigsten Agenturen etabliert. Nach der Analyse Ihrer Daten entwickeln wir f\u00fcr sie kundenorientiert ein Produkt, das ihren Bed\u00fcrfnissen entspricht. Wir garantieren Ihnen, [&hellip;]<\/p>\n","protected":false},"author":1,"featured_media":0,"parent":0,"menu_order":0,"comment_status":"closed","ping_status":"closed","template":"","meta":{"site-sidebar-layout":"no-sidebar","site-content-layout":"plain-container","ast-site-content-layout":"default","site-content-style":"default","site-sidebar-style":"default","ast-global-header-display":"","ast-banner-title-visibility":"","ast-main-header-display":"","ast-hfb-above-header-display":"","ast-hfb-below-header-display":"","ast-hfb-mobile-header-display":"","site-post-title":"disabled","ast-breadcrumbs-content":"","ast-featured-img":"disabled","footer-sml-layout":"","ast-disable-related-posts":"","theme-transparent-header-meta":"default","adv-header-id-meta":"","stick-header-meta":"","header-above-stick-meta":"","header-main-stick-meta":"","header-below-stick-meta":"","astra-migrate-meta-layouts":"default","ast-page-background-enabled":"default","ast-page-background-meta":{"desktop":{"background-color":"var(--ast-global-color-4)","background-image":"","background-repeat":"repeat","background-position":"center center","background-size":"auto","background-attachment":"scroll","background-type":"","background-media":"","overlay-type":"","overlay-color":"","overlay-opacity":"","overlay-gradient":""},"tablet":{"background-color":"","background-image":"","background-repeat":"repeat","background-position":"center center","background-size":"auto","background-attachment":"scroll","background-type":"","background-media":"","overlay-type":"","overlay-color":"","overlay-opacity":"","overlay-gradient":""},"mobile":{"background-color":"","background-image":"","background-repeat":"repeat","background-position":"center center","background-size":"auto","background-attachment":"scroll","background-type":"","background-media":"","overlay-type":"","overlay-color":"","overlay-opacity":"","overlay-gradient":""}},"ast-content-background-meta":{"desktop":{"background-color":"var(--ast-global-color-5)","background-image":"","background-repeat":"repeat","background-position":"center center","background-size":"auto","background-attachment":"scroll","background-type":"","background-media":"","overlay-type":"","overlay-color":"","overlay-opacity":"","overlay-gradient":""},"tablet":{"background-color":"var(--ast-global-color-5)","background-image":"","background-repeat":"repeat","background-position":"center center","background-size":"auto","background-attachment":"scroll","background-type":"","background-media":"","overlay-type":"","overlay-color":"","overlay-opacity":"","overlay-gradient":""},"mobile":{"background-color":"var(--ast-global-color-5)","background-image":"","background-repeat":"repeat","background-position":"center center","background-size":"auto","background-attachment":"scroll","background-type":"","background-media":"","overlay-type":"","overlay-color":"","overlay-opacity":"","overlay-gradient":""}},"footnotes":""},"class_list":["post-90","page","type-page","status-publish","hentry"],"yoast_head":"<!-- This site is optimized with the Yoast SEO plugin v26.9 - https:\/\/yoast.com\/product\/yoast-seo-wordpress\/ -->\n<title>Agencia aseguradora - CAMAROT - Seguros de coche, moto, hogar...<\/title>\n<meta name=\"description\" content=\"Agencia aseguradora en D\u00e9nia, Alicante. Ofertas, cupones... Seguros de hogar, coche, moto, ciclomotor, seguro m\u00e9dico, embarcaciones...\" \/>\n<meta name=\"robots\" content=\"index, follow, max-snippet:-1, max-image-preview:large, max-video-preview:-1\" \/>\n<link rel=\"canonical\" href=\"https:\/\/camarot.net\/de\/agencia-aseguradora\" \/>\n<meta property=\"og:locale\" content=\"de_DE\" \/>\n<meta property=\"og:type\" content=\"article\" \/>\n<meta property=\"og:title\" content=\"Agencia aseguradora - CAMAROT - Seguros de coche, moto, hogar...\" \/>\n<meta property=\"og:description\" content=\"Agencia aseguradora en D\u00e9nia, Alicante. Ofertas, cupones... Seguros de hogar, coche, moto, ciclomotor, seguro m\u00e9dico, embarcaciones...\" \/>\n<meta property=\"og:url\" content=\"https:\/\/camarot.net\/de\/agencia-aseguradora\" \/>\n<meta property=\"og:site_name\" content=\"CAMAROT\" \/>\n<meta property=\"article:modified_time\" content=\"2021-11-26T15:43:08+00:00\" \/>\n<meta name=\"twitter:card\" content=\"summary_large_image\" \/>\n<meta name=\"twitter:label1\" content=\"Gesch\u00e4tzte Lesezeit\" \/>\n\t<meta name=\"twitter:data1\" content=\"1\u00a0Minute\" \/>\n<script type=\"application\/ld+json\" class=\"yoast-schema-graph\">{\"@context\":\"https:\/\/schema.org\",\"@graph\":[{\"@type\":\"WebPage\",\"@id\":\"https:\/\/camarot.net\/de\/agencia-aseguradora\",\"url\":\"https:\/\/camarot.net\/de\/agencia-aseguradora\",\"name\":\"Agencia aseguradora - CAMAROT - Seguros de coche, moto, hogar...\",\"isPartOf\":{\"@id\":\"https:\/\/camarot.net\/de\/#website\"},\"datePublished\":\"2021-04-14T17:08:41+00:00\",\"dateModified\":\"2021-11-26T15:43:08+00:00\",\"description\":\"Agencia aseguradora en D\u00e9nia, Alicante. Ofertas, cupones... Seguros de hogar, coche, moto, ciclomotor, seguro m\u00e9dico, embarcaciones...\",\"breadcrumb\":{\"@id\":\"https:\/\/camarot.net\/de\/agencia-aseguradora#breadcrumb\"},\"inLanguage\":\"de\",\"potentialAction\":[{\"@type\":\"ReadAction\",\"target\":[[\"https:\/\/camarot.net\/de\/agencia-aseguradora\"]]}]},{\"@type\":\"BreadcrumbList\",\"@id\":\"https:\/\/camarot.net\/de\/agencia-aseguradora#breadcrumb\",\"itemListElement\":[{\"@type\":\"ListItem\",\"position\":1,\"name\":\"Portada\",\"item\":\"https:\/\/camarot.net\/de\/\"},{\"@type\":\"ListItem\",\"position\":2,\"name\":\"SOBRE CAMAROT\"}]},{\"@type\":\"WebSite\",\"@id\":\"https:\/\/camarot.net\/de\/#website\",\"url\":\"https:\/\/camarot.net\/de\/\",\"name\":\"CAMAROT\",\"description\":\"Versicherung und Investition\",\"publisher\":{\"@id\":\"https:\/\/camarot.net\/de\/#organization\"},\"potentialAction\":[{\"@type\":\"SearchAction\",\"target\":{\"@type\":\"EntryPoint\",\"urlTemplate\":\"https:\/\/camarot.net\/de\/?s={search_term_string}\"},\"query-input\":{\"@type\":\"PropertyValueSpecification\",\"valueRequired\":true,\"valueName\":\"search_term_string\"}}],\"inLanguage\":\"de\"},{\"@type\":\"Organization\",\"@id\":\"https:\/\/camarot.net\/de\/#organization\",\"name\":\"CAMAROT DENIA\",\"url\":\"https:\/\/camarot.net\/de\/\",\"logo\":{\"@type\":\"ImageObject\",\"inLanguage\":\"de\",\"@id\":\"https:\/\/camarot.net\/de\/#\/schema\/logo\/image\/\",\"url\":\"http:\/\/camarot.net\/wp-content\/uploads\/2021\/05\/camarotmini.jpg\",\"contentUrl\":\"http:\/\/camarot.net\/wp-content\/uploads\/2021\/05\/camarotmini.jpg\",\"width\":198,\"height\":109,\"caption\":\"CAMAROT DENIA\"},\"image\":{\"@id\":\"https:\/\/camarot.net\/de\/#\/schema\/logo\/image\/\"}}]}<\/script>\n<!-- \/ Yoast SEO plugin. -->","yoast_head_json":{"title":"Agencia aseguradora - CAMAROT - Seguros de coche, moto, hogar...","description":"Agencia aseguradora en D\u00e9nia, Alicante. Ofertas, cupones... Seguros de hogar, coche, moto, ciclomotor, seguro m\u00e9dico, embarcaciones...","robots":{"index":"index","follow":"follow","max-snippet":"max-snippet:-1","max-image-preview":"max-image-preview:large","max-video-preview":"max-video-preview:-1"},"canonical":"https:\/\/camarot.net\/de\/agencia-aseguradora","og_locale":"de_DE","og_type":"article","og_title":"Agencia aseguradora - CAMAROT - Seguros de coche, moto, hogar...","og_description":"Agencia aseguradora en D\u00e9nia, Alicante. Ofertas, cupones... Seguros de hogar, coche, moto, ciclomotor, seguro m\u00e9dico, embarcaciones...","og_url":"https:\/\/camarot.net\/de\/agencia-aseguradora","og_site_name":"CAMAROT","article_modified_time":"2021-11-26T15:43:08+00:00","twitter_card":"summary_large_image","twitter_misc":{"Gesch\u00e4tzte Lesezeit":"1\u00a0Minute"},"schema":{"@context":"https:\/\/schema.org","@graph":[{"@type":"WebPage","@id":"https:\/\/camarot.net\/de\/agencia-aseguradora","url":"https:\/\/camarot.net\/de\/agencia-aseguradora","name":"Agencia aseguradora - CAMAROT - Seguros de coche, moto, hogar...","isPartOf":{"@id":"https:\/\/camarot.net\/de\/#website"},"datePublished":"2021-04-14T17:08:41+00:00","dateModified":"2021-11-26T15:43:08+00:00","description":"Agencia aseguradora en D\u00e9nia, Alicante. Ofertas, cupones... Seguros de hogar, coche, moto, ciclomotor, seguro m\u00e9dico, embarcaciones...","breadcrumb":{"@id":"https:\/\/camarot.net\/de\/agencia-aseguradora#breadcrumb"},"inLanguage":"de","potentialAction":[{"@type":"ReadAction","target":[["https:\/\/camarot.net\/de\/agencia-aseguradora"]]}]},{"@type":"BreadcrumbList","@id":"https:\/\/camarot.net\/de\/agencia-aseguradora#breadcrumb","itemListElement":[{"@type":"ListItem","position":1,"name":"Portada","item":"https:\/\/camarot.net\/de\/"},{"@type":"ListItem","position":2,"name":"SOBRE CAMAROT"}]},{"@type":"WebSite","@id":"https:\/\/camarot.net\/de\/#website","url":"https:\/\/camarot.net\/de\/","name":"CAMAROT","description":"Versicherung und Investition","publisher":{"@id":"https:\/\/camarot.net\/de\/#organization"},"potentialAction":[{"@type":"SearchAction","target":{"@type":"EntryPoint","urlTemplate":"https:\/\/camarot.net\/de\/?s={search_term_string}"},"query-input":{"@type":"PropertyValueSpecification","valueRequired":true,"valueName":"search_term_string"}}],"inLanguage":"de"},{"@type":"Organization","@id":"https:\/\/camarot.net\/de\/#organization","name":"CAMAROT DENIA","url":"https:\/\/camarot.net\/de\/","logo":{"@type":"ImageObject","inLanguage":"de","@id":"https:\/\/camarot.net\/de\/#\/schema\/logo\/image\/","url":"http:\/\/camarot.net\/wp-content\/uploads\/2021\/05\/camarotmini.jpg","contentUrl":"http:\/\/camarot.net\/wp-content\/uploads\/2021\/05\/camarotmini.jpg","width":198,"height":109,"caption":"CAMAROT DENIA"},"image":{"@id":"https:\/\/camarot.net\/de\/#\/schema\/logo\/image\/"}}]}},"_links":{"self":[{"href":"https:\/\/camarot.net\/de\/wp-json\/wp\/v2\/pages\/90","targetHints":{"allow":["GET"]}}],"collection":[{"href":"https:\/\/camarot.net\/de\/wp-json\/wp\/v2\/pages"}],"about":[{"href":"https:\/\/camarot.net\/de\/wp-json\/wp\/v2\/types\/page"}],"author":[{"embeddable":true,"href":"https:\/\/camarot.net\/de\/wp-json\/wp\/v2\/users\/1"}],"replies":[{"embeddable":true,"href":"https:\/\/camarot.net\/de\/wp-json\/wp\/v2\/comments?post=90"}],"version-history":[{"count":40,"href":"https:\/\/camarot.net\/de\/wp-json\/wp\/v2\/pages\/90\/revisions"}],"predecessor-version":[{"id":1034,"href":"https:\/\/camarot.net\/de\/wp-json\/wp\/v2\/pages\/90\/revisions\/1034"}],"wp:attachment":[{"href":"https:\/\/camarot.net\/de\/wp-json\/wp\/v2\/media?parent=90"}],"curies":[{"name":"wp","href":"https:\/\/api.w.org\/{rel}","templated":true}]}}