{"id":3,"date":"2021-04-14T08:48:47","date_gmt":"2021-04-14T08:48:47","guid":{"rendered":"http:\/\/camarot.net\/?page_id=3"},"modified":"2021-07-05T09:03:49","modified_gmt":"2021-07-05T09:03:49","slug":"politica-de-privacidad","status":"publish","type":"page","link":"https:\/\/camarot.net\/de\/politica-de-privacidad","title":{"rendered":"Pol\u00edtica de privacidad"},"content":{"rendered":"\n<h2 class=\"wp-block-heading\">Quienes somos<\/h2>\n\n\n\n<p><strong class=\"privacy-policy-tutorial\">\u00a0<\/strong>\u00a0La direcci\u00f3n de nuestro sitio web es: http:\/\/camarot.net.<\/p>\n\n\n\n<h2 class=\"wp-block-heading\">Comentarios<\/h2>\n\n\n\n<p><strong class=\"privacy-policy-tutorial\">\u00a0<\/strong>Cuando los visitantes dejan comentarios en el sitio, recopilamos los datos que se muestran en el formulario de comentarios, y tambi\u00e9n la direcci\u00f3n IP del visitante y la cadena del agente de usuario del navegador para ayudar a la detecci\u00f3n de spam.<\/p>\n\n\n\n<p>Se puede proporcionar una cadena an\u00f3nima creada a partir de su direcci\u00f3n de correo electr\u00f3nico (tambi\u00e9n llamada hash) al servicio Gravatar para ver si la est\u00e1 utilizando.\u00a0La pol\u00edtica de privacidad del servicio Gravatar est\u00e1 disponible aqu\u00ed: https:\/\/automattic.com\/privacy\/.\u00a0Despu\u00e9s de la aprobaci\u00f3n de su comentario, su foto de perfil es visible para el p\u00fablico en el contexto de su comentario.<\/p>\n\n\n\n<h2 class=\"wp-block-heading\">Media<\/h2>\n\n\n\n<p><strong class=\"privacy-policy-tutorial\">\u00a0<\/strong>Si carga im\u00e1genes en el sitio web, debe evitar cargar im\u00e1genes con datos de ubicaci\u00f3n incrustados (GPS EXIF) incluidos.\u00a0Los visitantes del sitio web pueden descargar y extraer los datos de ubicaci\u00f3n de las im\u00e1genes del sitio web.<\/p>\n\n\n\n<h2 class=\"wp-block-heading\">Cookies<\/h2>\n\n\n\n<p>\u00a0Si deja un comentario en nuestro sitio, puede optar por guardar su nombre, direcci\u00f3n de correo electr\u00f3nico y sitio web en cookies.\u00a0Estos son para su conveniencia para que no tenga que volver a completar sus datos cuando deje otro comentario.\u00a0Estas cookies durar\u00e1n un a\u00f1o.<\/p>\n\n\n\n<p>Si visita nuestra p\u00e1gina de inicio de sesi\u00f3n, configuraremos una cookie temporal para determinar si su navegador acepta cookies.&nbsp;Esta cookie no contiene datos personales y se descarta cuando cierra su navegador.<\/p>\n\n\n\n<p>Cuando inicie sesi\u00f3n, tambi\u00e9n configuraremos varias cookies para guardar su informaci\u00f3n de inicio de sesi\u00f3n y sus opciones de visualizaci\u00f3n de pantalla.&nbsp;Las cookies de inicio de sesi\u00f3n duran dos d\u00edas y las cookies de opciones de pantalla duran un a\u00f1o.&nbsp;Si selecciona \u00abRecordarme\u00bb, su inicio de sesi\u00f3n se mantendr\u00e1 durante dos semanas.&nbsp;Si cierra sesi\u00f3n en su cuenta, se eliminar\u00e1n las cookies de inicio de sesi\u00f3n.<\/p>\n\n\n\n<p>Si edita o publica un art\u00edculo, se guardar\u00e1 una cookie adicional en su navegador.&nbsp;Esta cookie no incluye datos personales y simplemente indica el ID de publicaci\u00f3n del art\u00edculo que acaba de editar.&nbsp;Caduca despu\u00e9s de 1 d\u00eda.<\/p>\n\n\n\n<h2 class=\"wp-block-heading\">Contenido incrustado de otros sitios web<\/h2>\n\n\n\n<p>Los\u00a0art\u00edculos de este sitio pueden incluir contenido incrustado (por ejemplo, videos, im\u00e1genes, art\u00edculos, etc.).\u00a0El contenido incrustado de otros sitios web se comporta exactamente de la misma manera que si el visitante hubiera visitado el otro sitio web.<\/p>\n\n\n\n<p>Estos sitios web pueden recopilar datos sobre usted, usar cookies, incrustar un seguimiento adicional de terceros y monitorear su interacci\u00f3n con ese contenido incrustado, incluido el seguimiento de su interacci\u00f3n con el contenido incrustado si tiene una cuenta y est\u00e1 conectado a ese sitio web.<\/p>\n\n\n\n<h2 class=\"wp-block-heading\">Con qui\u00e9n compartimos sus datos<\/h2>\n\n\n\n<p><strong class=\"privacy-policy-tutorial\">\u00a0<\/strong>Si solicita un restablecimiento de contrase\u00f1a, su direcci\u00f3n IP se incluir\u00e1 en el correo electr\u00f3nico de restablecimiento.<\/p>\n\n\n\n<h2 class=\"wp-block-heading\">Cu\u00e1nto tiempo conservamos sus datos<\/h2>\n\n\n\n<p>\u00a0Si deja un comentario, el comentario y sus metadatos se conservan indefinidamente.\u00a0Esto es para que podamos reconocer y aprobar cualquier comentario de seguimiento autom\u00e1ticamente en lugar de mantenerlos en una cola de moderaci\u00f3n.<\/p>\n\n\n\n<p>Para los usuarios que se registran en nuestro sitio web (si corresponde), tambi\u00e9n almacenamos la informaci\u00f3n personal que proporcionan en su perfil de usuario.&nbsp;Todos los usuarios pueden ver, editar o eliminar su informaci\u00f3n personal en cualquier momento (excepto que no pueden cambiar su nombre de usuario).&nbsp;Los administradores del sitio web tambi\u00e9n pueden ver y editar esa informaci\u00f3n.<\/p>\n\n\n\n<h2 class=\"wp-block-heading\">Que derechos tienes sobre tus datos<\/h2>\n\n\n\n<p>\u00a0Si tiene una cuenta en este sitio o ha dejado comentarios, puede solicitar recibir un archivo exportado de los datos personales que tenemos sobre usted, incluidos los datos que nos haya proporcionado.\u00a0Tambi\u00e9n puede solicitar que borremos cualquier dato personal que tengamos sobre usted.\u00a0Esto no incluye ning\u00fan dato que estemos obligados a conservar con fines administrativos, legales o de seguridad.<\/p>\n\n\n\n<h2 class=\"wp-block-heading\">A donde enviamos sus datos<\/h2>\n\n\n\n<p><strong class=\"privacy-policy-tutorial\"><strong> <\/strong><\/strong>Los\u00a0comentarios de los visitantes pueden verificarse a trav\u00e9s de un servicio de detecci\u00f3n autom\u00e1tica de spam.<\/p>\n","protected":false},"excerpt":{"rendered":"<p>Quienes somos \u00a0\u00a0La direcci\u00f3n de nuestro sitio web es: http:\/\/camarot.net. Comentarios \u00a0Cuando los visitantes dejan comentarios en el sitio, recopilamos los datos que se muestran en el formulario de comentarios, y tambi\u00e9n la direcci\u00f3n IP del visitante y la cadena del agente de usuario del navegador para ayudar a la detecci\u00f3n de spam. Se puede [&hellip;]<\/p>\n","protected":false},"author":1,"featured_media":0,"parent":0,"menu_order":0,"comment_status":"closed","ping_status":"open","template":"","meta":{"site-sidebar-layout":"default","site-content-layout":"default","ast-site-content-layout":"default","site-content-style":"default","site-sidebar-style":"default","ast-global-header-display":"","ast-banner-title-visibility":"","ast-main-header-display":"","ast-hfb-above-header-display":"","ast-hfb-below-header-display":"","ast-hfb-mobile-header-display":"","site-post-title":"","ast-breadcrumbs-content":"","ast-featured-img":"","footer-sml-layout":"","ast-disable-related-posts":"","theme-transparent-header-meta":"default","adv-header-id-meta":"","stick-header-meta":"","header-above-stick-meta":"","header-main-stick-meta":"","header-below-stick-meta":"","astra-migrate-meta-layouts":"default","ast-page-background-enabled":"default","ast-page-background-meta":{"desktop":{"background-color":"var(--ast-global-color-4)","background-image":"","background-repeat":"repeat","background-position":"center center","background-size":"auto","background-attachment":"scroll","background-type":"","background-media":"","overlay-type":"","overlay-color":"","overlay-opacity":"","overlay-gradient":""},"tablet":{"background-color":"","background-image":"","background-repeat":"repeat","background-position":"center center","background-size":"auto","background-attachment":"scroll","background-type":"","background-media":"","overlay-type":"","overlay-color":"","overlay-opacity":"","overlay-gradient":""},"mobile":{"background-color":"","background-image":"","background-repeat":"repeat","background-position":"center center","background-size":"auto","background-attachment":"scroll","background-type":"","background-media":"","overlay-type":"","overlay-color":"","overlay-opacity":"","overlay-gradient":""}},"ast-content-background-meta":{"desktop":{"background-color":"var(--ast-global-color-5)","background-image":"","background-repeat":"repeat","background-position":"center center","background-size":"auto","background-attachment":"scroll","background-type":"","background-media":"","overlay-type":"","overlay-color":"","overlay-opacity":"","overlay-gradient":""},"tablet":{"background-color":"var(--ast-global-color-5)","background-image":"","background-repeat":"repeat","background-position":"center center","background-size":"auto","background-attachment":"scroll","background-type":"","background-media":"","overlay-type":"","overlay-color":"","overlay-opacity":"","overlay-gradient":""},"mobile":{"background-color":"var(--ast-global-color-5)","background-image":"","background-repeat":"repeat","background-position":"center center","background-size":"auto","background-attachment":"scroll","background-type":"","background-media":"","overlay-type":"","overlay-color":"","overlay-opacity":"","overlay-gradient":""}},"footnotes":""},"class_list":["post-3","page","type-page","status-publish","hentry"],"yoast_head":"<!-- This site is optimized with the Yoast SEO plugin v26.9 - https:\/\/yoast.com\/product\/yoast-seo-wordpress\/ -->\n<title>POL\u00cdTICA DE PRIVACIDAD - CAMAROT Cookies de seguridad...<\/title>\n<meta name=\"description\" content=\"POL\u00cdTICA DE PRIVACIDAD-Cookies-Contenido incrustado de otros sitios web - Que derechos tienes sobre tus datos - A donde enviamos sus datos...\" \/>\n<meta name=\"robots\" content=\"index, follow, max-snippet:-1, max-image-preview:large, max-video-preview:-1\" \/>\n<link rel=\"canonical\" href=\"https:\/\/camarot.net\/de\/politica-de-privacidad\" \/>\n<meta property=\"og:locale\" content=\"de_DE\" \/>\n<meta property=\"og:type\" content=\"article\" \/>\n<meta property=\"og:title\" content=\"POL\u00cdTICA DE PRIVACIDAD - CAMAROT Cookies de seguridad...\" \/>\n<meta property=\"og:description\" content=\"POL\u00cdTICA DE PRIVACIDAD-Cookies-Contenido incrustado de otros sitios web - Que derechos tienes sobre tus datos - A donde enviamos sus datos...\" \/>\n<meta property=\"og:url\" content=\"https:\/\/camarot.net\/de\/politica-de-privacidad\" \/>\n<meta property=\"og:site_name\" content=\"CAMAROT\" \/>\n<meta property=\"article:modified_time\" content=\"2021-07-05T09:03:49+00:00\" \/>\n<meta name=\"twitter:card\" content=\"summary_large_image\" \/>\n<meta name=\"twitter:label1\" content=\"Gesch\u00e4tzte Lesezeit\" \/>\n\t<meta name=\"twitter:data1\" content=\"3\u00a0Minuten\" \/>\n<script type=\"application\/ld+json\" class=\"yoast-schema-graph\">{\"@context\":\"https:\/\/schema.org\",\"@graph\":[{\"@type\":\"WebPage\",\"@id\":\"https:\/\/camarot.net\/de\/politica-de-privacidad\",\"url\":\"https:\/\/camarot.net\/de\/politica-de-privacidad\",\"name\":\"POL\u00cdTICA DE PRIVACIDAD - CAMAROT Cookies de seguridad...\",\"isPartOf\":{\"@id\":\"https:\/\/camarot.net\/de\/#website\"},\"datePublished\":\"2021-04-14T08:48:47+00:00\",\"dateModified\":\"2021-07-05T09:03:49+00:00\",\"description\":\"POL\u00cdTICA DE PRIVACIDAD-Cookies-Contenido incrustado de otros sitios web - Que derechos tienes sobre tus datos - A donde enviamos sus datos...\",\"breadcrumb\":{\"@id\":\"https:\/\/camarot.net\/de\/politica-de-privacidad#breadcrumb\"},\"inLanguage\":\"de\",\"potentialAction\":[{\"@type\":\"ReadAction\",\"target\":[[\"https:\/\/camarot.net\/de\/politica-de-privacidad\"]]}]},{\"@type\":\"BreadcrumbList\",\"@id\":\"https:\/\/camarot.net\/de\/politica-de-privacidad#breadcrumb\",\"itemListElement\":[{\"@type\":\"ListItem\",\"position\":1,\"name\":\"Portada\",\"item\":\"https:\/\/camarot.net\/de\/\"},{\"@type\":\"ListItem\",\"position\":2,\"name\":\"Pol\u00edtica de privacidad\"}]},{\"@type\":\"WebSite\",\"@id\":\"https:\/\/camarot.net\/de\/#website\",\"url\":\"https:\/\/camarot.net\/de\/\",\"name\":\"CAMAROT\",\"description\":\"Versicherung und Investition\",\"publisher\":{\"@id\":\"https:\/\/camarot.net\/de\/#organization\"},\"potentialAction\":[{\"@type\":\"SearchAction\",\"target\":{\"@type\":\"EntryPoint\",\"urlTemplate\":\"https:\/\/camarot.net\/de\/?s={search_term_string}\"},\"query-input\":{\"@type\":\"PropertyValueSpecification\",\"valueRequired\":true,\"valueName\":\"search_term_string\"}}],\"inLanguage\":\"de\"},{\"@type\":\"Organization\",\"@id\":\"https:\/\/camarot.net\/de\/#organization\",\"name\":\"CAMAROT DENIA\",\"url\":\"https:\/\/camarot.net\/de\/\",\"logo\":{\"@type\":\"ImageObject\",\"inLanguage\":\"de\",\"@id\":\"https:\/\/camarot.net\/de\/#\/schema\/logo\/image\/\",\"url\":\"http:\/\/camarot.net\/wp-content\/uploads\/2021\/05\/camarotmini.jpg\",\"contentUrl\":\"http:\/\/camarot.net\/wp-content\/uploads\/2021\/05\/camarotmini.jpg\",\"width\":198,\"height\":109,\"caption\":\"CAMAROT DENIA\"},\"image\":{\"@id\":\"https:\/\/camarot.net\/de\/#\/schema\/logo\/image\/\"}}]}<\/script>\n<!-- \/ Yoast SEO plugin. -->","yoast_head_json":{"title":"POL\u00cdTICA DE PRIVACIDAD - CAMAROT Cookies de seguridad...","description":"POL\u00cdTICA DE PRIVACIDAD-Cookies-Contenido incrustado de otros sitios web - Que derechos tienes sobre tus datos - A donde enviamos sus datos...","robots":{"index":"index","follow":"follow","max-snippet":"max-snippet:-1","max-image-preview":"max-image-preview:large","max-video-preview":"max-video-preview:-1"},"canonical":"https:\/\/camarot.net\/de\/politica-de-privacidad","og_locale":"de_DE","og_type":"article","og_title":"POL\u00cdTICA DE PRIVACIDAD - CAMAROT Cookies de seguridad...","og_description":"POL\u00cdTICA DE PRIVACIDAD-Cookies-Contenido incrustado de otros sitios web - Que derechos tienes sobre tus datos - A donde enviamos sus datos...","og_url":"https:\/\/camarot.net\/de\/politica-de-privacidad","og_site_name":"CAMAROT","article_modified_time":"2021-07-05T09:03:49+00:00","twitter_card":"summary_large_image","twitter_misc":{"Gesch\u00e4tzte Lesezeit":"3\u00a0Minuten"},"schema":{"@context":"https:\/\/schema.org","@graph":[{"@type":"WebPage","@id":"https:\/\/camarot.net\/de\/politica-de-privacidad","url":"https:\/\/camarot.net\/de\/politica-de-privacidad","name":"POL\u00cdTICA DE PRIVACIDAD - CAMAROT Cookies de seguridad...","isPartOf":{"@id":"https:\/\/camarot.net\/de\/#website"},"datePublished":"2021-04-14T08:48:47+00:00","dateModified":"2021-07-05T09:03:49+00:00","description":"POL\u00cdTICA DE PRIVACIDAD-Cookies-Contenido incrustado de otros sitios web - Que derechos tienes sobre tus datos - A donde enviamos sus datos...","breadcrumb":{"@id":"https:\/\/camarot.net\/de\/politica-de-privacidad#breadcrumb"},"inLanguage":"de","potentialAction":[{"@type":"ReadAction","target":[["https:\/\/camarot.net\/de\/politica-de-privacidad"]]}]},{"@type":"BreadcrumbList","@id":"https:\/\/camarot.net\/de\/politica-de-privacidad#breadcrumb","itemListElement":[{"@type":"ListItem","position":1,"name":"Portada","item":"https:\/\/camarot.net\/de\/"},{"@type":"ListItem","position":2,"name":"Pol\u00edtica de privacidad"}]},{"@type":"WebSite","@id":"https:\/\/camarot.net\/de\/#website","url":"https:\/\/camarot.net\/de\/","name":"CAMAROT","description":"Versicherung und Investition","publisher":{"@id":"https:\/\/camarot.net\/de\/#organization"},"potentialAction":[{"@type":"SearchAction","target":{"@type":"EntryPoint","urlTemplate":"https:\/\/camarot.net\/de\/?s={search_term_string}"},"query-input":{"@type":"PropertyValueSpecification","valueRequired":true,"valueName":"search_term_string"}}],"inLanguage":"de"},{"@type":"Organization","@id":"https:\/\/camarot.net\/de\/#organization","name":"CAMAROT DENIA","url":"https:\/\/camarot.net\/de\/","logo":{"@type":"ImageObject","inLanguage":"de","@id":"https:\/\/camarot.net\/de\/#\/schema\/logo\/image\/","url":"http:\/\/camarot.net\/wp-content\/uploads\/2021\/05\/camarotmini.jpg","contentUrl":"http:\/\/camarot.net\/wp-content\/uploads\/2021\/05\/camarotmini.jpg","width":198,"height":109,"caption":"CAMAROT DENIA"},"image":{"@id":"https:\/\/camarot.net\/de\/#\/schema\/logo\/image\/"}}]}},"_links":{"self":[{"href":"https:\/\/camarot.net\/de\/wp-json\/wp\/v2\/pages\/3","targetHints":{"allow":["GET"]}}],"collection":[{"href":"https:\/\/camarot.net\/de\/wp-json\/wp\/v2\/pages"}],"about":[{"href":"https:\/\/camarot.net\/de\/wp-json\/wp\/v2\/types\/page"}],"author":[{"embeddable":true,"href":"https:\/\/camarot.net\/de\/wp-json\/wp\/v2\/users\/1"}],"replies":[{"embeddable":true,"href":"https:\/\/camarot.net\/de\/wp-json\/wp\/v2\/comments?post=3"}],"version-history":[{"count":2,"href":"https:\/\/camarot.net\/de\/wp-json\/wp\/v2\/pages\/3\/revisions"}],"predecessor-version":[{"id":983,"href":"https:\/\/camarot.net\/de\/wp-json\/wp\/v2\/pages\/3\/revisions\/983"}],"wp:attachment":[{"href":"https:\/\/camarot.net\/de\/wp-json\/wp\/v2\/media?parent=3"}],"curies":[{"name":"wp","href":"https:\/\/api.w.org\/{rel}","templated":true}]}}