{"id":288,"date":"2021-04-16T08:20:40","date_gmt":"2021-04-16T08:20:40","guid":{"rendered":"http:\/\/camarot.net\/?page_id=288"},"modified":"2021-11-29T18:13:54","modified_gmt":"2021-11-29T18:13:54","slug":"negocios","status":"publish","type":"page","link":"https:\/\/camarot.net\/de\/negocios","title":{"rendered":"BUSINESS    <SERVICES>"},"content":{"rendered":"<div class=\"wpb-content-wrapper\"><p>[vc_row][vc_column][vc_column_text][\/vc_column_text][\/vc_column][\/vc_row][vc_row][vc_column][vc_column_text]<\/p>\n<h2><strong><span style=\"color: #30316a;\">GESCH\u00c4FTE<\/span><\/strong><\/h2>\n<p>[\/vc_column_text][\/vc_column][\/vc_row][vc_row][vc_column width=&#8220;2\/3&#8243;][vc_single_image image=&#8220;291&#8243; img_size=&#8220;full&#8220; alignment=&#8220;center&#8220;][\/vc_column][vc_column width=&#8220;1\/3&#8243;][\/vc_column][\/vc_row][vc_row][vc_column width=&#8220;2\/3&#8243;][vc_column_text]<\/p>\n<h4><span style=\"color: #03adf7;\"><strong>Der Motor der Wirtschaft muss gesch\u00fctzt werden, damit er immer funktioniert.<\/strong><\/span><\/h4>\n<p>[\/vc_column_text][\/vc_column][vc_column width=&#8220;1\/3&#8243;][\/vc_column][\/vc_row][vc_row][vc_column width=&#8220;2\/3&#8243;][vc_column_text]<\/p>\n<div class=\"vc_row wpb_row vc_inner vc_row-fluid\">\n<div class=\"wpb_column vc_column_container vc_col-sm-4\">\n<div class=\"vc_column-inner\">\n<div class=\"wpb_wrapper\">\n<div class=\"wpb_text_column wpb_content_element \">\n<div class=\"wpb_wrapper\">\n<ul>\n<li>Versicherung des Geb\u00e4udes in dem Ihr Gesch\u00e4ft untergebracht ist.<\/li>\n<li>Hausrat<\/li>\n<li>Zweitliegenschaften.<\/li>\n<li>Kosten f\u00fcr Feuerwehreins\u00e4tze.<\/li>\n<\/ul>\n<\/div>\n<\/div>\n<\/div>\n<\/div>\n<\/div>\n<div class=\"wpb_column vc_column_container vc_col-sm-8\">\n<div class=\"vc_column-inner\">\n<div class=\"wpb_wrapper\">\n<div class=\"wpb_text_column wpb_content_element \">\n<div class=\"wpb_wrapper\">\n<ul>\n<li>\u00e4sthetische Sch\u00e4den.<\/li>\n<li>Elektrosch\u00e4den.<\/li>\n<li>Mietsch\u00e4den.<\/li>\n<li>Br\u00fcche.<\/li>\n<\/ul>\n<\/div>\n<\/div>\n<\/div>\n<\/div>\n<\/div>\n<\/div>\n<p>[\/vc_column_text][\/vc_column][vc_column width=&#8220;1\/3&#8243;][\/vc_column][\/vc_row][vc_row][vc_column width=&#8220;2\/3&#8243;][vc_column_text]These are just some of the coverages we offer. For more information, please contact us.[\/vc_column_text][\/vc_column][vc_column width=&#8220;1\/3&#8243;][\/vc_column][\/vc_row]<\/p>\n<\/div>","protected":false},"excerpt":{"rendered":"<p>[vc_row][vc_column][vc_column_text][\/vc_column_text][\/vc_column][\/vc_row][vc_row][vc_column][vc_column_text] GESCH\u00c4FTE [\/vc_column_text][\/vc_column][\/vc_row][vc_row][vc_column width=&#8220;2\/3&#8243;][vc_single_image image=&#8220;291&#8243; img_size=&#8220;full&#8220; alignment=&#8220;center&#8220;][\/vc_column][vc_column width=&#8220;1\/3&#8243;][\/vc_column][\/vc_row][vc_row][vc_column width=&#8220;2\/3&#8243;][vc_column_text] Der Motor der Wirtschaft muss gesch\u00fctzt werden, damit er immer funktioniert. [\/vc_column_text][\/vc_column][vc_column width=&#8220;1\/3&#8243;][\/vc_column][\/vc_row][vc_row][vc_column width=&#8220;2\/3&#8243;][vc_column_text] Versicherung des Geb\u00e4udes in dem Ihr Gesch\u00e4ft untergebracht ist. Hausrat Zweitliegenschaften. Kosten f\u00fcr Feuerwehreins\u00e4tze. \u00e4sthetische Sch\u00e4den. Elektrosch\u00e4den. Mietsch\u00e4den. Br\u00fcche. [\/vc_column_text][\/vc_column][vc_column width=&#8220;1\/3&#8243;][\/vc_column][\/vc_row][vc_row][vc_column width=&#8220;2\/3&#8243;][vc_column_text]These are just some of the coverages we offer. For more [&hellip;]<\/p>\n","protected":false},"author":1,"featured_media":0,"parent":0,"menu_order":0,"comment_status":"closed","ping_status":"closed","template":"","meta":{"site-sidebar-layout":"no-sidebar","site-content-layout":"plain-container","ast-site-content-layout":"default","site-content-style":"default","site-sidebar-style":"default","ast-global-header-display":"","ast-banner-title-visibility":"","ast-main-header-display":"","ast-hfb-above-header-display":"","ast-hfb-below-header-display":"","ast-hfb-mobile-header-display":"","site-post-title":"disabled","ast-breadcrumbs-content":"","ast-featured-img":"disabled","footer-sml-layout":"","ast-disable-related-posts":"","theme-transparent-header-meta":"default","adv-header-id-meta":"","stick-header-meta":"","header-above-stick-meta":"","header-main-stick-meta":"","header-below-stick-meta":"","astra-migrate-meta-layouts":"default","ast-page-background-enabled":"default","ast-page-background-meta":{"desktop":{"background-color":"var(--ast-global-color-4)","background-image":"","background-repeat":"repeat","background-position":"center center","background-size":"auto","background-attachment":"scroll","background-type":"","background-media":"","overlay-type":"","overlay-color":"","overlay-opacity":"","overlay-gradient":""},"tablet":{"background-color":"","background-image":"","background-repeat":"repeat","background-position":"center center","background-size":"auto","background-attachment":"scroll","background-type":"","background-media":"","overlay-type":"","overlay-color":"","overlay-opacity":"","overlay-gradient":""},"mobile":{"background-color":"","background-image":"","background-repeat":"repeat","background-position":"center center","background-size":"auto","background-attachment":"scroll","background-type":"","background-media":"","overlay-type":"","overlay-color":"","overlay-opacity":"","overlay-gradient":""}},"ast-content-background-meta":{"desktop":{"background-color":"var(--ast-global-color-5)","background-image":"","background-repeat":"repeat","background-position":"center center","background-size":"auto","background-attachment":"scroll","background-type":"","background-media":"","overlay-type":"","overlay-color":"","overlay-opacity":"","overlay-gradient":""},"tablet":{"background-color":"var(--ast-global-color-5)","background-image":"","background-repeat":"repeat","background-position":"center center","background-size":"auto","background-attachment":"scroll","background-type":"","background-media":"","overlay-type":"","overlay-color":"","overlay-opacity":"","overlay-gradient":""},"mobile":{"background-color":"var(--ast-global-color-5)","background-image":"","background-repeat":"repeat","background-position":"center center","background-size":"auto","background-attachment":"scroll","background-type":"","background-media":"","overlay-type":"","overlay-color":"","overlay-opacity":"","overlay-gradient":""}},"footnotes":""},"class_list":["post-288","page","type-page","status-publish","hentry"],"yoast_head":"<!-- This site is optimized with the Yoast SEO plugin v26.9 - https:\/\/yoast.com\/product\/yoast-seo-wordpress\/ -->\n<title>NEGOCIOS - CAMAROT - Seguros de hogar, de vida, de veh\u00edculos...<\/title>\n<meta name=\"description\" content=\"Negocios\/business. Ofertas, cupones, presupuestos. Aseguradora en D\u00e9nia, Alicante. Oficina de seguros de hogar, veh\u00edculos, seguro m\u00e9dico...\" \/>\n<meta name=\"robots\" content=\"index, follow, max-snippet:-1, max-image-preview:large, max-video-preview:-1\" \/>\n<link rel=\"canonical\" href=\"https:\/\/camarot.net\/de\/negocios\" \/>\n<meta property=\"og:locale\" content=\"de_DE\" \/>\n<meta property=\"og:type\" content=\"article\" \/>\n<meta property=\"og:title\" content=\"NEGOCIOS - CAMAROT - Seguros de hogar, de vida, de veh\u00edculos...\" \/>\n<meta property=\"og:description\" content=\"Negocios\/business. Ofertas, cupones, presupuestos. Aseguradora en D\u00e9nia, Alicante. Oficina de seguros de hogar, veh\u00edculos, seguro m\u00e9dico...\" \/>\n<meta property=\"og:url\" content=\"https:\/\/camarot.net\/de\/negocios\" \/>\n<meta property=\"og:site_name\" content=\"CAMAROT\" \/>\n<meta property=\"article:modified_time\" content=\"2021-11-29T18:13:54+00:00\" \/>\n<meta name=\"twitter:card\" content=\"summary_large_image\" \/>\n<meta name=\"twitter:label1\" content=\"Gesch\u00e4tzte Lesezeit\" \/>\n\t<meta name=\"twitter:data1\" content=\"1\u00a0Minute\" \/>\n<script type=\"application\/ld+json\" class=\"yoast-schema-graph\">{\"@context\":\"https:\/\/schema.org\",\"@graph\":[{\"@type\":\"WebPage\",\"@id\":\"https:\/\/camarot.net\/de\/negocios\",\"url\":\"https:\/\/camarot.net\/de\/negocios\",\"name\":\"NEGOCIOS - CAMAROT - Seguros de hogar, de vida, de veh\u00edculos...\",\"isPartOf\":{\"@id\":\"https:\/\/camarot.net\/de\/#website\"},\"datePublished\":\"2021-04-16T08:20:40+00:00\",\"dateModified\":\"2021-11-29T18:13:54+00:00\",\"description\":\"Negocios\/business. Ofertas, cupones, presupuestos. Aseguradora en D\u00e9nia, Alicante. Oficina de seguros de hogar, veh\u00edculos, seguro m\u00e9dico...\",\"breadcrumb\":{\"@id\":\"https:\/\/camarot.net\/de\/negocios#breadcrumb\"},\"inLanguage\":\"de\",\"potentialAction\":[{\"@type\":\"ReadAction\",\"target\":[[\"https:\/\/camarot.net\/de\/negocios\"]]}]},{\"@type\":\"BreadcrumbList\",\"@id\":\"https:\/\/camarot.net\/de\/negocios#breadcrumb\",\"itemListElement\":[{\"@type\":\"ListItem\",\"position\":1,\"name\":\"Portada\",\"item\":\"https:\/\/camarot.net\/de\/\"},{\"@type\":\"ListItem\",\"position\":2,\"name\":\"BUSINESS\"}]},{\"@type\":\"WebSite\",\"@id\":\"https:\/\/camarot.net\/de\/#website\",\"url\":\"https:\/\/camarot.net\/de\/\",\"name\":\"CAMAROT\",\"description\":\"Versicherung und Investition\",\"publisher\":{\"@id\":\"https:\/\/camarot.net\/de\/#organization\"},\"potentialAction\":[{\"@type\":\"SearchAction\",\"target\":{\"@type\":\"EntryPoint\",\"urlTemplate\":\"https:\/\/camarot.net\/de\/?s={search_term_string}\"},\"query-input\":{\"@type\":\"PropertyValueSpecification\",\"valueRequired\":true,\"valueName\":\"search_term_string\"}}],\"inLanguage\":\"de\"},{\"@type\":\"Organization\",\"@id\":\"https:\/\/camarot.net\/de\/#organization\",\"name\":\"CAMAROT DENIA\",\"url\":\"https:\/\/camarot.net\/de\/\",\"logo\":{\"@type\":\"ImageObject\",\"inLanguage\":\"de\",\"@id\":\"https:\/\/camarot.net\/de\/#\/schema\/logo\/image\/\",\"url\":\"http:\/\/camarot.net\/wp-content\/uploads\/2021\/05\/camarotmini.jpg\",\"contentUrl\":\"http:\/\/camarot.net\/wp-content\/uploads\/2021\/05\/camarotmini.jpg\",\"width\":198,\"height\":109,\"caption\":\"CAMAROT DENIA\"},\"image\":{\"@id\":\"https:\/\/camarot.net\/de\/#\/schema\/logo\/image\/\"}}]}<\/script>\n<!-- \/ Yoast SEO plugin. -->","yoast_head_json":{"title":"NEGOCIOS - CAMAROT - Seguros de hogar, de vida, de veh\u00edculos...","description":"Negocios\/business. Ofertas, cupones, presupuestos. Aseguradora en D\u00e9nia, Alicante. Oficina de seguros de hogar, veh\u00edculos, seguro m\u00e9dico...","robots":{"index":"index","follow":"follow","max-snippet":"max-snippet:-1","max-image-preview":"max-image-preview:large","max-video-preview":"max-video-preview:-1"},"canonical":"https:\/\/camarot.net\/de\/negocios","og_locale":"de_DE","og_type":"article","og_title":"NEGOCIOS - CAMAROT - Seguros de hogar, de vida, de veh\u00edculos...","og_description":"Negocios\/business. Ofertas, cupones, presupuestos. Aseguradora en D\u00e9nia, Alicante. Oficina de seguros de hogar, veh\u00edculos, seguro m\u00e9dico...","og_url":"https:\/\/camarot.net\/de\/negocios","og_site_name":"CAMAROT","article_modified_time":"2021-11-29T18:13:54+00:00","twitter_card":"summary_large_image","twitter_misc":{"Gesch\u00e4tzte Lesezeit":"1\u00a0Minute"},"schema":{"@context":"https:\/\/schema.org","@graph":[{"@type":"WebPage","@id":"https:\/\/camarot.net\/de\/negocios","url":"https:\/\/camarot.net\/de\/negocios","name":"NEGOCIOS - CAMAROT - Seguros de hogar, de vida, de veh\u00edculos...","isPartOf":{"@id":"https:\/\/camarot.net\/de\/#website"},"datePublished":"2021-04-16T08:20:40+00:00","dateModified":"2021-11-29T18:13:54+00:00","description":"Negocios\/business. Ofertas, cupones, presupuestos. Aseguradora en D\u00e9nia, Alicante. Oficina de seguros de hogar, veh\u00edculos, seguro m\u00e9dico...","breadcrumb":{"@id":"https:\/\/camarot.net\/de\/negocios#breadcrumb"},"inLanguage":"de","potentialAction":[{"@type":"ReadAction","target":[["https:\/\/camarot.net\/de\/negocios"]]}]},{"@type":"BreadcrumbList","@id":"https:\/\/camarot.net\/de\/negocios#breadcrumb","itemListElement":[{"@type":"ListItem","position":1,"name":"Portada","item":"https:\/\/camarot.net\/de\/"},{"@type":"ListItem","position":2,"name":"BUSINESS"}]},{"@type":"WebSite","@id":"https:\/\/camarot.net\/de\/#website","url":"https:\/\/camarot.net\/de\/","name":"CAMAROT","description":"Versicherung und Investition","publisher":{"@id":"https:\/\/camarot.net\/de\/#organization"},"potentialAction":[{"@type":"SearchAction","target":{"@type":"EntryPoint","urlTemplate":"https:\/\/camarot.net\/de\/?s={search_term_string}"},"query-input":{"@type":"PropertyValueSpecification","valueRequired":true,"valueName":"search_term_string"}}],"inLanguage":"de"},{"@type":"Organization","@id":"https:\/\/camarot.net\/de\/#organization","name":"CAMAROT DENIA","url":"https:\/\/camarot.net\/de\/","logo":{"@type":"ImageObject","inLanguage":"de","@id":"https:\/\/camarot.net\/de\/#\/schema\/logo\/image\/","url":"http:\/\/camarot.net\/wp-content\/uploads\/2021\/05\/camarotmini.jpg","contentUrl":"http:\/\/camarot.net\/wp-content\/uploads\/2021\/05\/camarotmini.jpg","width":198,"height":109,"caption":"CAMAROT DENIA"},"image":{"@id":"https:\/\/camarot.net\/de\/#\/schema\/logo\/image\/"}}]}},"_links":{"self":[{"href":"https:\/\/camarot.net\/de\/wp-json\/wp\/v2\/pages\/288","targetHints":{"allow":["GET"]}}],"collection":[{"href":"https:\/\/camarot.net\/de\/wp-json\/wp\/v2\/pages"}],"about":[{"href":"https:\/\/camarot.net\/de\/wp-json\/wp\/v2\/types\/page"}],"author":[{"embeddable":true,"href":"https:\/\/camarot.net\/de\/wp-json\/wp\/v2\/users\/1"}],"replies":[{"embeddable":true,"href":"https:\/\/camarot.net\/de\/wp-json\/wp\/v2\/comments?post=288"}],"version-history":[{"count":13,"href":"https:\/\/camarot.net\/de\/wp-json\/wp\/v2\/pages\/288\/revisions"}],"predecessor-version":[{"id":1066,"href":"https:\/\/camarot.net\/de\/wp-json\/wp\/v2\/pages\/288\/revisions\/1066"}],"wp:attachment":[{"href":"https:\/\/camarot.net\/de\/wp-json\/wp\/v2\/media?parent=288"}],"curies":[{"name":"wp","href":"https:\/\/api.w.org\/{rel}","templated":true}]}}