{"id":251,"date":"2021-04-15T17:54:36","date_gmt":"2021-04-15T17:54:36","guid":{"rendered":"http:\/\/camarot.net\/?page_id=251"},"modified":"2021-11-29T18:50:20","modified_gmt":"2021-11-29T18:50:20","slug":"ahorro","status":"publish","type":"page","link":"https:\/\/camarot.net\/de\/ahorro","title":{"rendered":"INVESTMENT \u2013 SAVINGS    <SERVICES>"},"content":{"rendered":"<div class=\"wpb-content-wrapper\"><p>[vc_row][vc_column][vc_column_text][\/vc_column_text][\/vc_column][\/vc_row][vc_row][vc_column][vc_column_text]<\/p>\n<h2><strong>EINSPARUNGEN \/ INVESTITIONEN<\/strong><\/h2>\n<p>[\/vc_column_text][\/vc_column][\/vc_row][vc_row][vc_column width=&#8220;2\/3&#8243;][vc_single_image image=&#8220;255&#8243; img_size=&#8220;full&#8220; alignment=&#8220;center&#8220;][\/vc_column][vc_column width=&#8220;1\/3&#8243;][\/vc_column][\/vc_row][vc_row][vc_column width=&#8220;2\/3&#8243;][vc_column_text]<\/p>\n<h4><span style=\"color: #03adf7;\"><strong>Haben Sie an Ihre Zukunft gedacht? Es ist besser, es so schnell wie m\u00f6glich zu tun. Wenn Sie eine Operation durchf\u00fchren m\u00f6chten, kontaktieren Sie uns, wir k\u00f6nnen Sie hinsichtlich der besten Investition beraten.<\/strong><\/span><\/h4>\n<p>[\/vc_column_text][\/vc_column][vc_column width=&#8220;1\/3&#8243;][\/vc_column][\/vc_row][vc_row][vc_column width=&#8220;2\/3&#8243;][vc_column_text]<\/p>\n<div class=\"vc_row wpb_row vc_inner vc_row-fluid\">\n<div class=\"wpb_column vc_column_container vc_col-sm-4\">\n<div class=\"vc_column-inner\">\n<div class=\"wpb_wrapper\">\n<div class=\"wpb_text_column wpb_content_element \">\n<div class=\"wpb_wrapper\">\n<ul>\n<li>100 % Kapital + garantierte Zinsen.<\/li>\n<li>H\u00f6here Rentabilit\u00e4t als Banken.<\/li>\n<li>Sparen mit der periodischen Pr\u00e4mie.<\/li>\n<\/ul>\n<\/div>\n<\/div>\n<\/div>\n<\/div>\n<\/div>\n<div class=\"wpb_column vc_column_container vc_col-sm-8\">\n<div class=\"vc_column-inner\">\n<div class=\"wpb_wrapper\">\n<div class=\"wpb_text_column wpb_content_element \">\n<div class=\"wpb_wrapper\">\n<ul>\n<li>Einmalige Pr\u00e4mienersparnis.<\/li>\n<li>Sialp.<\/li>\n<li>Altersversorgung.<\/li>\n<\/ul>\n<\/div>\n<\/div>\n<\/div>\n<\/div>\n<\/div>\n<\/div>\n<p>[\/vc_column_text][\/vc_column][vc_column width=&#8220;1\/3&#8243;][\/vc_column][\/vc_row][vc_row][vc_column width=&#8220;2\/3&#8243;][vc_column_text]Dies sind nur einige Dienstleistungen die wir offerieren. Wenn Sie mehr Informationen w\u00fcnschen, setzen Sie sich mit uns in Verbindung.[\/vc_column_text][\/vc_column][vc_column width=&#8220;1\/3&#8243;][\/vc_column][\/vc_row]<\/p>\n<\/div>","protected":false},"excerpt":{"rendered":"<p>[vc_row][vc_column][vc_column_text][\/vc_column_text][\/vc_column][\/vc_row][vc_row][vc_column][vc_column_text] EINSPARUNGEN \/ INVESTITIONEN [\/vc_column_text][\/vc_column][\/vc_row][vc_row][vc_column width=&#8220;2\/3&#8243;][vc_single_image image=&#8220;255&#8243; img_size=&#8220;full&#8220; alignment=&#8220;center&#8220;][\/vc_column][vc_column width=&#8220;1\/3&#8243;][\/vc_column][\/vc_row][vc_row][vc_column width=&#8220;2\/3&#8243;][vc_column_text] Haben Sie an Ihre Zukunft gedacht? Es ist besser, es so schnell wie m\u00f6glich zu tun. Wenn Sie eine Operation durchf\u00fchren m\u00f6chten, kontaktieren Sie uns, wir k\u00f6nnen Sie hinsichtlich der besten Investition beraten. [\/vc_column_text][\/vc_column][vc_column width=&#8220;1\/3&#8243;][\/vc_column][\/vc_row][vc_row][vc_column width=&#8220;2\/3&#8243;][vc_column_text] 100 % Kapital + garantierte Zinsen. H\u00f6here Rentabilit\u00e4t [&hellip;]<\/p>\n","protected":false},"author":1,"featured_media":0,"parent":0,"menu_order":0,"comment_status":"closed","ping_status":"closed","template":"","meta":{"site-sidebar-layout":"no-sidebar","site-content-layout":"plain-container","ast-site-content-layout":"default","site-content-style":"default","site-sidebar-style":"default","ast-global-header-display":"","ast-banner-title-visibility":"","ast-main-header-display":"","ast-hfb-above-header-display":"","ast-hfb-below-header-display":"","ast-hfb-mobile-header-display":"","site-post-title":"disabled","ast-breadcrumbs-content":"","ast-featured-img":"disabled","footer-sml-layout":"","ast-disable-related-posts":"","theme-transparent-header-meta":"default","adv-header-id-meta":"","stick-header-meta":"","header-above-stick-meta":"","header-main-stick-meta":"","header-below-stick-meta":"","astra-migrate-meta-layouts":"default","ast-page-background-enabled":"default","ast-page-background-meta":{"desktop":{"background-color":"var(--ast-global-color-4)","background-image":"","background-repeat":"repeat","background-position":"center center","background-size":"auto","background-attachment":"scroll","background-type":"","background-media":"","overlay-type":"","overlay-color":"","overlay-opacity":"","overlay-gradient":""},"tablet":{"background-color":"","background-image":"","background-repeat":"repeat","background-position":"center center","background-size":"auto","background-attachment":"scroll","background-type":"","background-media":"","overlay-type":"","overlay-color":"","overlay-opacity":"","overlay-gradient":""},"mobile":{"background-color":"","background-image":"","background-repeat":"repeat","background-position":"center center","background-size":"auto","background-attachment":"scroll","background-type":"","background-media":"","overlay-type":"","overlay-color":"","overlay-opacity":"","overlay-gradient":""}},"ast-content-background-meta":{"desktop":{"background-color":"var(--ast-global-color-5)","background-image":"","background-repeat":"repeat","background-position":"center center","background-size":"auto","background-attachment":"scroll","background-type":"","background-media":"","overlay-type":"","overlay-color":"","overlay-opacity":"","overlay-gradient":""},"tablet":{"background-color":"var(--ast-global-color-5)","background-image":"","background-repeat":"repeat","background-position":"center center","background-size":"auto","background-attachment":"scroll","background-type":"","background-media":"","overlay-type":"","overlay-color":"","overlay-opacity":"","overlay-gradient":""},"mobile":{"background-color":"var(--ast-global-color-5)","background-image":"","background-repeat":"repeat","background-position":"center center","background-size":"auto","background-attachment":"scroll","background-type":"","background-media":"","overlay-type":"","overlay-color":"","overlay-opacity":"","overlay-gradient":""}},"footnotes":""},"class_list":["post-251","page","type-page","status-publish","hentry"],"yoast_head":"<!-- This site is optimized with the Yoast SEO plugin v26.9 - https:\/\/yoast.com\/product\/yoast-seo-wordpress\/ -->\n<title>AHORRO\/INVERSION - CAMAROT - 100% capital garantizado<\/title>\n<meta name=\"description\" content=\"AHORRO\/INVERSION - \u00bfHa pensado en su futuro? Es mejor hacerlo cuanto antes. Si va a realizar cualquier operaci\u00f3n, cons\u00faltenos.\" \/>\n<meta name=\"robots\" content=\"index, follow, max-snippet:-1, max-image-preview:large, max-video-preview:-1\" \/>\n<link rel=\"canonical\" href=\"https:\/\/camarot.net\/de\/ahorro\" \/>\n<meta property=\"og:locale\" content=\"de_DE\" \/>\n<meta property=\"og:type\" content=\"article\" \/>\n<meta property=\"og:title\" content=\"AHORRO\/INVERSION - CAMAROT - 100% capital garantizado\" \/>\n<meta property=\"og:description\" content=\"AHORRO\/INVERSION - \u00bfHa pensado en su futuro? Es mejor hacerlo cuanto antes. Si va a realizar cualquier operaci\u00f3n, cons\u00faltenos.\" \/>\n<meta property=\"og:url\" content=\"https:\/\/camarot.net\/de\/ahorro\" \/>\n<meta property=\"og:site_name\" content=\"CAMAROT\" \/>\n<meta property=\"article:modified_time\" content=\"2021-11-29T18:50:20+00:00\" \/>\n<meta name=\"twitter:card\" content=\"summary_large_image\" \/>\n<meta name=\"twitter:label1\" content=\"Gesch\u00e4tzte Lesezeit\" \/>\n\t<meta name=\"twitter:data1\" content=\"1\u00a0Minute\" \/>\n<script type=\"application\/ld+json\" class=\"yoast-schema-graph\">{\"@context\":\"https:\/\/schema.org\",\"@graph\":[{\"@type\":\"WebPage\",\"@id\":\"https:\/\/camarot.net\/de\/ahorro\",\"url\":\"https:\/\/camarot.net\/de\/ahorro\",\"name\":\"AHORRO\/INVERSION - CAMAROT - 100% capital garantizado\",\"isPartOf\":{\"@id\":\"https:\/\/camarot.net\/de\/#website\"},\"datePublished\":\"2021-04-15T17:54:36+00:00\",\"dateModified\":\"2021-11-29T18:50:20+00:00\",\"description\":\"AHORRO\/INVERSION - \u00bfHa pensado en su futuro? Es mejor hacerlo cuanto antes. Si va a realizar cualquier operaci\u00f3n, cons\u00faltenos.\",\"breadcrumb\":{\"@id\":\"https:\/\/camarot.net\/de\/ahorro#breadcrumb\"},\"inLanguage\":\"de\",\"potentialAction\":[{\"@type\":\"ReadAction\",\"target\":[[\"https:\/\/camarot.net\/de\/ahorro\"]]}]},{\"@type\":\"BreadcrumbList\",\"@id\":\"https:\/\/camarot.net\/de\/ahorro#breadcrumb\",\"itemListElement\":[{\"@type\":\"ListItem\",\"position\":1,\"name\":\"Portada\",\"item\":\"https:\/\/camarot.net\/de\/\"},{\"@type\":\"ListItem\",\"position\":2,\"name\":\"INVESTMENT \u2013 SAVINGS\"}]},{\"@type\":\"WebSite\",\"@id\":\"https:\/\/camarot.net\/de\/#website\",\"url\":\"https:\/\/camarot.net\/de\/\",\"name\":\"CAMAROT\",\"description\":\"Versicherung und Investition\",\"publisher\":{\"@id\":\"https:\/\/camarot.net\/de\/#organization\"},\"potentialAction\":[{\"@type\":\"SearchAction\",\"target\":{\"@type\":\"EntryPoint\",\"urlTemplate\":\"https:\/\/camarot.net\/de\/?s={search_term_string}\"},\"query-input\":{\"@type\":\"PropertyValueSpecification\",\"valueRequired\":true,\"valueName\":\"search_term_string\"}}],\"inLanguage\":\"de\"},{\"@type\":\"Organization\",\"@id\":\"https:\/\/camarot.net\/de\/#organization\",\"name\":\"CAMAROT DENIA\",\"url\":\"https:\/\/camarot.net\/de\/\",\"logo\":{\"@type\":\"ImageObject\",\"inLanguage\":\"de\",\"@id\":\"https:\/\/camarot.net\/de\/#\/schema\/logo\/image\/\",\"url\":\"http:\/\/camarot.net\/wp-content\/uploads\/2021\/05\/camarotmini.jpg\",\"contentUrl\":\"http:\/\/camarot.net\/wp-content\/uploads\/2021\/05\/camarotmini.jpg\",\"width\":198,\"height\":109,\"caption\":\"CAMAROT DENIA\"},\"image\":{\"@id\":\"https:\/\/camarot.net\/de\/#\/schema\/logo\/image\/\"}}]}<\/script>\n<!-- \/ Yoast SEO plugin. -->","yoast_head_json":{"title":"AHORRO\/INVERSION - CAMAROT - 100% capital garantizado","description":"AHORRO\/INVERSION - \u00bfHa pensado en su futuro? Es mejor hacerlo cuanto antes. Si va a realizar cualquier operaci\u00f3n, cons\u00faltenos.","robots":{"index":"index","follow":"follow","max-snippet":"max-snippet:-1","max-image-preview":"max-image-preview:large","max-video-preview":"max-video-preview:-1"},"canonical":"https:\/\/camarot.net\/de\/ahorro","og_locale":"de_DE","og_type":"article","og_title":"AHORRO\/INVERSION - CAMAROT - 100% capital garantizado","og_description":"AHORRO\/INVERSION - \u00bfHa pensado en su futuro? Es mejor hacerlo cuanto antes. Si va a realizar cualquier operaci\u00f3n, cons\u00faltenos.","og_url":"https:\/\/camarot.net\/de\/ahorro","og_site_name":"CAMAROT","article_modified_time":"2021-11-29T18:50:20+00:00","twitter_card":"summary_large_image","twitter_misc":{"Gesch\u00e4tzte Lesezeit":"1\u00a0Minute"},"schema":{"@context":"https:\/\/schema.org","@graph":[{"@type":"WebPage","@id":"https:\/\/camarot.net\/de\/ahorro","url":"https:\/\/camarot.net\/de\/ahorro","name":"AHORRO\/INVERSION - CAMAROT - 100% capital garantizado","isPartOf":{"@id":"https:\/\/camarot.net\/de\/#website"},"datePublished":"2021-04-15T17:54:36+00:00","dateModified":"2021-11-29T18:50:20+00:00","description":"AHORRO\/INVERSION - \u00bfHa pensado en su futuro? Es mejor hacerlo cuanto antes. Si va a realizar cualquier operaci\u00f3n, cons\u00faltenos.","breadcrumb":{"@id":"https:\/\/camarot.net\/de\/ahorro#breadcrumb"},"inLanguage":"de","potentialAction":[{"@type":"ReadAction","target":[["https:\/\/camarot.net\/de\/ahorro"]]}]},{"@type":"BreadcrumbList","@id":"https:\/\/camarot.net\/de\/ahorro#breadcrumb","itemListElement":[{"@type":"ListItem","position":1,"name":"Portada","item":"https:\/\/camarot.net\/de\/"},{"@type":"ListItem","position":2,"name":"INVESTMENT \u2013 SAVINGS"}]},{"@type":"WebSite","@id":"https:\/\/camarot.net\/de\/#website","url":"https:\/\/camarot.net\/de\/","name":"CAMAROT","description":"Versicherung und Investition","publisher":{"@id":"https:\/\/camarot.net\/de\/#organization"},"potentialAction":[{"@type":"SearchAction","target":{"@type":"EntryPoint","urlTemplate":"https:\/\/camarot.net\/de\/?s={search_term_string}"},"query-input":{"@type":"PropertyValueSpecification","valueRequired":true,"valueName":"search_term_string"}}],"inLanguage":"de"},{"@type":"Organization","@id":"https:\/\/camarot.net\/de\/#organization","name":"CAMAROT DENIA","url":"https:\/\/camarot.net\/de\/","logo":{"@type":"ImageObject","inLanguage":"de","@id":"https:\/\/camarot.net\/de\/#\/schema\/logo\/image\/","url":"http:\/\/camarot.net\/wp-content\/uploads\/2021\/05\/camarotmini.jpg","contentUrl":"http:\/\/camarot.net\/wp-content\/uploads\/2021\/05\/camarotmini.jpg","width":198,"height":109,"caption":"CAMAROT DENIA"},"image":{"@id":"https:\/\/camarot.net\/de\/#\/schema\/logo\/image\/"}}]}},"_links":{"self":[{"href":"https:\/\/camarot.net\/de\/wp-json\/wp\/v2\/pages\/251","targetHints":{"allow":["GET"]}}],"collection":[{"href":"https:\/\/camarot.net\/de\/wp-json\/wp\/v2\/pages"}],"about":[{"href":"https:\/\/camarot.net\/de\/wp-json\/wp\/v2\/types\/page"}],"author":[{"embeddable":true,"href":"https:\/\/camarot.net\/de\/wp-json\/wp\/v2\/users\/1"}],"replies":[{"embeddable":true,"href":"https:\/\/camarot.net\/de\/wp-json\/wp\/v2\/comments?post=251"}],"version-history":[{"count":26,"href":"https:\/\/camarot.net\/de\/wp-json\/wp\/v2\/pages\/251\/revisions"}],"predecessor-version":[{"id":1079,"href":"https:\/\/camarot.net\/de\/wp-json\/wp\/v2\/pages\/251\/revisions\/1079"}],"wp:attachment":[{"href":"https:\/\/camarot.net\/de\/wp-json\/wp\/v2\/media?parent=251"}],"curies":[{"name":"wp","href":"https:\/\/api.w.org\/{rel}","templated":true}]}}