{"id":138,"date":"2021-04-15T14:01:41","date_gmt":"2021-04-15T14:01:41","guid":{"rendered":"http:\/\/camarot.net\/?page_id=138"},"modified":"2021-07-05T09:18:45","modified_gmt":"2021-07-05T09:18:45","slug":"aseguradora-denia","status":"publish","type":"page","link":"https:\/\/camarot.net\/de\/aseguradora-denia","title":{"rendered":"WO SIND WIR"},"content":{"rendered":"<div class=\"wpb-content-wrapper\"><p><\/p>\n<p>[vc_row][vc_column][vc_separator color=&#8220;white&#8220;][\/vc_column][\/vc_row][vc_row][vc_column][vc_column_text]<\/p>\n<h2><span style=\"color: #30316a;\"><strong>WO SIND WIR<\/strong><\/span><\/h2>\n<p>[vc_row][vc_column width=&#8220;1\/1&#8243;][vc_column_text][\/vc_column_text][\/vc_column][\/vc_row][vc_row][vc_column width=&#8220;3\/4&#8243;][vc_gmaps link=&#8220;#E-8_JTNDaWZyYW1lJTIwc3JjJTNEJTIyaHR0cHMlM0ElMkYlMkZ3d3cuZ29vZ2xlLmNvbSUyRm1hcHMlMkZlbWJlZCUzRnBiJTNEJTIxMW0xOCUyMTFtMTIlMjExbTMlMjExZDMxMDcuNDY1MTY3OTE5NzU2JTIxMmQwLjEwNDg2NjcxNTU2ODI2Mzc1JTIxM2QzOC44NDQ3MDc4NTc2NTI5MiUyMTJtMyUyMTFmMCUyMTJmMCUyMTNmMCUyMTNtMiUyMTFpMTAyNCUyMTJpNzY4JTIxNGYxMy4xJTIxM20zJTIxMW0yJTIxMXMweDEyOWUxYjE5MzFlNDYwMzElMjUzQTB4NDRjZmM1M2M1OWRkMjUzMCUyMTJzQ2FsbGUlMjUyME1hbnVlbCUyNTIwU2FuY2hpcyUyNTIwR3Vhcm5lciUyNTJDJTI1MjA5JTI1MkMlMjUyMDAzNzAwJTI1MjBEZW5pYSUyNTJDJTI1MjBBbGljYW50ZSUyMTVlMCUyMTNtMiUyMTFzZXMlMjEyc2VzJTIxNHYxNjE4NTYzMjQyMTE4JTIxNW0yJTIxMXNlcyUyMTJzZXMlMjIlMjB3aWR0aCUzRCUyMjYwMCUyMiUyMGhlaWdodCUzRCUyMjQ1MCUyMiUyMHN0eWxlJTNEJTIyYm9yZGVyJTNBMCUzQiUyMiUyMGFsbG93ZnVsbHNjcmVlbiUzRCUyMiUyMiUyMGxvYWRpbmclM0QlMjJsYXp5JTIyJTNFJTNDJTJGaWZyYW1lJTNF&#8220;][vc_row_inner][vc_column_inner width=&#8220;2\/3&#8243;][vc_single_image image=&#8220;341&#8243; img_size=&#8220;full&#8220;][\/vc_column_inner][vc_column_inner width=&#8220;1\/3&#8243;][vc_column_text]<\/p>\n<h4><span style=\"color: #30316a;\"><strong>CAMAROT<\/strong><\/span><\/h4>\n<h4><\/h4>\n<p>[\/vc_column_text][vc_column_text css=&#8220;.vc_custom_1619108465863{margin-bottom: 0px !important;border-bottom-width: 0px !important;}&#8220;]<strong><span style=\"color: #30316a;\">C\/ Sanchis Guarner, 9 C<\/span><\/strong><br \/>\n<strong><span style=\"color: #30316a;\">03700 Denia (Alicante)<\/span><\/strong><br \/>\n<strong><span style=\"color: #30316a;\">965 785 603<\/span><\/strong><br \/>\n<span style=\"color: #30316e;\"><strong>sergio@camarot.net<\/strong><\/span>[\/vc_column_text][\/vc_column_inner][\/vc_row_inner][\/vc_column][vc_column width=&#8220;1\/4&#8243;][vc_single_image image=&#8220;626&#8243; img_size=&#8220;full&#8220;][vc_column_text]<\/p>\n<h3><span style=\"color: #30316e;\"><strong>MEHR INFORMATIONEN<\/strong><\/span><\/h3>\n<p>[\/vc_column_text][vc_column_text css=&#8220;.vc_custom_1619107881894{margin-top: 0px !important;margin-bottom: 0px !important;border-top-width: 0px !important;border-bottom-width: 0px !important;padding-top: 0px !important;}&#8220;]<div class=\"frm_forms  with_frm_style frm_style_estilos-formidable\" id=\"frm_form_2_container\" >\n<form enctype=\"multipart\/form-data\" method=\"post\" class=\"frm-show-form \" id=\"form_omikara2a3ea2fe2\" >\n<div class=\"frm_form_fields \">\n<fieldset>\n<legend class=\"frm_hidden\">contacto<\/legend>\r\n\r\n<div class=\"frm_fields_container\">\n<input type=\"hidden\" name=\"frm_action\" value=\"create\" \/>\n<input type=\"hidden\" name=\"form_id\" value=\"2\" \/>\n<input type=\"hidden\" name=\"frm_hide_fields_2\" id=\"frm_hide_fields_2\" value=\"\" \/>\n<input type=\"hidden\" name=\"form_key\" value=\"omikara2a3ea2fe2\" \/>\n<input type=\"hidden\" name=\"item_meta[0]\" value=\"\" \/>\n<input type=\"hidden\" id=\"frm_submit_entry_2\" name=\"frm_submit_entry_2\" value=\"4ee4972088\" \/><input type=\"hidden\" name=\"_wp_http_referer\" value=\"\/de\/wp-json\/wp\/v2\/pages\/138\" \/><div id=\"frm_field_6_container\" class=\"frm_form_field form-field  frm_required_field frm_none_container\">\r\n    <label for=\"field_nombre474d7e3c85\" class=\"frm_primary_label\">Texto de Una L\u00ednea\r\n        <span class=\"frm_required\">*<\/span>\r\n    <\/label>\r\n    <input type=\"text\" id=\"field_nombre474d7e3c85\" name=\"item_meta[6]\" value=\"\"  placeholder=\"Name:\" data-reqmsg=\"Este campo no puede estar en blanco.\" aria-required=\"true\" data-invmsg=\"Texto de Una L\u00ednea ist ung\u00fcltig\" style=\"border-top-width: 0; border-right-width: 0; border-left-width: 0; border-top-style: none; border-right-style: none; border-left-style: none; \" aria-invalid=\"false\"  \/>\r\n    \r\n    \r\n<\/div>\n<div id=\"frm_field_7_container\" class=\"frm_form_field form-field  frm_none_container\">\r\n    <label for=\"field_apellidoc2c0499d75\" class=\"frm_primary_label\">Apellido\r\n        <span class=\"frm_required\"><\/span>\r\n    <\/label>\r\n    <input type=\"text\" id=\"field_apellidoc2c0499d75\" name=\"item_meta[7]\" value=\"\"  placeholder=\"2nd Name:\" data-invmsg=\"Apellido ist ung\u00fcltig\" style=\"border-top-width: 0; border-right-width: 0; border-left-width: 0; border-top-style: none; border-right-style: none; border-left-style: none; \" aria-invalid=\"false\"  \/>\r\n    \r\n    \r\n<\/div>\n<div id=\"frm_field_8_container\" class=\"frm_form_field form-field  frm_none_container\">\r\n    <label for=\"field_telefonoe4bf424682\" class=\"frm_primary_label\">Telefono\r\n        <span class=\"frm_required\"><\/span>\r\n    <\/label>\r\n    <input type=\"text\" id=\"field_telefonoe4bf424682\" name=\"item_meta[8]\" value=\"\"  placeholder=\"Telephone\" data-invmsg=\"Telefono ist ung\u00fcltig\" style=\"border-top-width: 0; border-right-width: 0; border-left-width: 0; border-top-style: none; border-right-style: none; border-left-style: none; \" aria-invalid=\"false\"  \/>\r\n    \r\n    \r\n<\/div>\n<div id=\"frm_field_9_container\" class=\"frm_form_field form-field  frm_required_field frm_none_container\">\r\n    <label for=\"field_email817072014d\" class=\"frm_primary_label\">email\r\n        <span class=\"frm_required\">*<\/span>\r\n    <\/label>\r\n    <input type=\"email\" id=\"field_email817072014d\" name=\"item_meta[9]\" value=\"\"  placeholder=\"Mail:@\" data-reqmsg=\"email kann nicht leer sein.\" aria-required=\"true\" data-invmsg=\"email ist ung\u00fcltig\" style=\"border-top-width: 0; border-right-width: 0; border-left-width: 0; border-top-style: none; border-right-style: none; border-left-style: none; \" aria-invalid=\"false\"  \/>\r\n    \r\n    \r\n<\/div>\n<div id=\"frm_field_10_container\" class=\"frm_form_field form-field  frm_none_container\">\r\n    <label for=\"field_infoaf08fb2c92\" class=\"frm_primary_label\">info\r\n        <span class=\"frm_required\"><\/span>\r\n    <\/label>\r\n    <input type=\"text\" id=\"field_infoaf08fb2c92\" name=\"item_meta[10]\" value=\"\"  placeholder=\"More info:\" data-invmsg=\"info ist ung\u00fcltig\" style=\"border-top-width: 0; border-right-width: 0; border-left-width: 0; border-top-style: none; border-right-style: none; border-left-style: none; \" aria-invalid=\"false\"  \/>\r\n    \r\n    \r\n<\/div>\n\t<input type=\"hidden\" name=\"item_key\" value=\"\" \/>\n\t\t\t<div id=\"frm_field_13_container\">\n\t\t\t<label for=\"field_sojqm\" >\n\t\t\t\tFalls Du menschlich bist, lasse dieses Feld leer.\t\t\t<\/label>\n\t\t\t<input  id=\"field_sojqm\" type=\"text\" class=\"frm_form_field form-field frm_verify\" name=\"item_meta[13]\" value=\"\"  \/>\n\t\t<\/div>\n\t\t<input name=\"frm_state\" type=\"hidden\" value=\"B3hJ8J1qNVIs5iDG6w4KrU5TuXlnfHThpRV03CVs1Go=\" \/><div class=\"frm_submit\" align=\"right\">\r\n\r\n<input type=\"submit\" value=\"SEND\"  style=\"background-color: #30316a; border-top-width: 0; border-right-width: 0; border-bottom-width: 0; border-left-width: 0; border-top-style: none; border-right-style: none; border-bottom-style: none; border-left-style: none; color:#ffffff;\" \/>\r\n<img decoding=\"async\" class=\"frm_ajax_loading\" src=\"https:\/\/camarot.net\/wp-content\/plugins\/formidable\/images\/ajax_loader.gif\" alt=\"Enviando\"\/>\r\n\r\n<\/div><\/div>\n<\/fieldset>\n<\/div>\n\n<\/form>\n<\/div>\n[\/vc_column_text][\/vc_column][\/vc_row]<\/p>\n<p><\/p>\n<\/div>","protected":false},"excerpt":{"rendered":"<p>[vc_row][vc_column][vc_separator color=&#8220;white&#8220;][\/vc_column][\/vc_row][vc_row][vc_column][vc_column_text] WO SIND WIR [vc_row][vc_column width=&#8220;1\/1&#8243;][vc_column_text][\/vc_column_text][\/vc_column][\/vc_row][vc_row][vc_column width=&#8220;3\/4&#8243;][vc_gmaps link=&#8220;#E-8_JTNDaWZyYW1lJTIwc3JjJTNEJTIyaHR0cHMlM0ElMkYlMkZ3d3cuZ29vZ2xlLmNvbSUyRm1hcHMlMkZlbWJlZCUzRnBiJTNEJTIxMW0xOCUyMTFtMTIlMjExbTMlMjExZDMxMDcuNDY1MTY3OTE5NzU2JTIxMmQwLjEwNDg2NjcxNTU2ODI2Mzc1JTIxM2QzOC44NDQ3MDc4NTc2NTI5MiUyMTJtMyUyMTFmMCUyMTJmMCUyMTNmMCUyMTNtMiUyMTFpMTAyNCUyMTJpNzY4JTIxNGYxMy4xJTIxM20zJTIxMW0yJTIxMXMweDEyOWUxYjE5MzFlNDYwMzElMjUzQTB4NDRjZmM1M2M1OWRkMjUzMCUyMTJzQ2FsbGUlMjUyME1hbnVlbCUyNTIwU2FuY2hpcyUyNTIwR3Vhcm5lciUyNTJDJTI1MjA5JTI1MkMlMjUyMDAzNzAwJTI1MjBEZW5pYSUyNTJDJTI1MjBBbGljYW50ZSUyMTVlMCUyMTNtMiUyMTFzZXMlMjEyc2VzJTIxNHYxNjE4NTYzMjQyMTE4JTIxNW0yJTIxMXNlcyUyMTJzZXMlMjIlMjB3aWR0aCUzRCUyMjYwMCUyMiUyMGhlaWdodCUzRCUyMjQ1MCUyMiUyMHN0eWxlJTNEJTIyYm9yZGVyJTNBMCUzQiUyMiUyMGFsbG93ZnVsbHNjcmVlbiUzRCUyMiUyMiUyMGxvYWRpbmclM0QlMjJsYXp5JTIyJTNFJTNDJTJGaWZyYW1lJTNF&#8220;][vc_row_inner][vc_column_inner width=&#8220;2\/3&#8243;][vc_single_image image=&#8220;341&#8243; img_size=&#8220;full&#8220;][\/vc_column_inner][vc_column_inner width=&#8220;1\/3&#8243;][vc_column_text] CAMAROT [\/vc_column_text][vc_column_text css=&#8220;.vc_custom_1619108465863{margin-bottom: 0px !important;border-bottom-width: 0px !important;}&#8220;]C\/ Sanchis Guarner, 9 C 03700 Denia (Alicante) 965 785 603 sergio@camarot.net[\/vc_column_text][\/vc_column_inner][\/vc_row_inner][\/vc_column][vc_column width=&#8220;1\/4&#8243;][vc_single_image image=&#8220;626&#8243; img_size=&#8220;full&#8220;][vc_column_text] MEHR INFORMATIONEN [\/vc_column_text][vc_column_text css=&#8220;.vc_custom_1619107881894{margin-top: 0px !important;margin-bottom: 0px !important;border-top-width: 0px !important;border-bottom-width: 0px !important;padding-top: 0px !important;}&#8220;][\/vc_column_text][\/vc_column][\/vc_row]<\/p>\n","protected":false},"author":1,"featured_media":0,"parent":0,"menu_order":0,"comment_status":"closed","ping_status":"closed","template":"","meta":{"site-sidebar-layout":"no-sidebar","site-content-layout":"plain-container","ast-site-content-layout":"default","site-content-style":"default","site-sidebar-style":"default","ast-global-header-display":"","ast-banner-title-visibility":"","ast-main-header-display":"","ast-hfb-above-header-display":"","ast-hfb-below-header-display":"","ast-hfb-mobile-header-display":"","site-post-title":"disabled","ast-breadcrumbs-content":"","ast-featured-img":"disabled","footer-sml-layout":"","ast-disable-related-posts":"","theme-transparent-header-meta":"default","adv-header-id-meta":"","stick-header-meta":"","header-above-stick-meta":"","header-main-stick-meta":"","header-below-stick-meta":"","astra-migrate-meta-layouts":"default","ast-page-background-enabled":"default","ast-page-background-meta":{"desktop":{"background-color":"var(--ast-global-color-4)","background-image":"","background-repeat":"repeat","background-position":"center center","background-size":"auto","background-attachment":"scroll","background-type":"","background-media":"","overlay-type":"","overlay-color":"","overlay-opacity":"","overlay-gradient":""},"tablet":{"background-color":"","background-image":"","background-repeat":"repeat","background-position":"center center","background-size":"auto","background-attachment":"scroll","background-type":"","background-media":"","overlay-type":"","overlay-color":"","overlay-opacity":"","overlay-gradient":""},"mobile":{"background-color":"","background-image":"","background-repeat":"repeat","background-position":"center center","background-size":"auto","background-attachment":"scroll","background-type":"","background-media":"","overlay-type":"","overlay-color":"","overlay-opacity":"","overlay-gradient":""}},"ast-content-background-meta":{"desktop":{"background-color":"var(--ast-global-color-5)","background-image":"","background-repeat":"repeat","background-position":"center center","background-size":"auto","background-attachment":"scroll","background-type":"","background-media":"","overlay-type":"","overlay-color":"","overlay-opacity":"","overlay-gradient":""},"tablet":{"background-color":"var(--ast-global-color-5)","background-image":"","background-repeat":"repeat","background-position":"center center","background-size":"auto","background-attachment":"scroll","background-type":"","background-media":"","overlay-type":"","overlay-color":"","overlay-opacity":"","overlay-gradient":""},"mobile":{"background-color":"var(--ast-global-color-5)","background-image":"","background-repeat":"repeat","background-position":"center center","background-size":"auto","background-attachment":"scroll","background-type":"","background-media":"","overlay-type":"","overlay-color":"","overlay-opacity":"","overlay-gradient":""}},"footnotes":""},"class_list":["post-138","page","type-page","status-publish","hentry"],"yoast_head":"<!-- This site is optimized with the Yoast SEO plugin v26.9 - https:\/\/yoast.com\/product\/yoast-seo-wordpress\/ -->\n<title>ASEGURADORA EN D\u00c9NIA - CAMAROT - Seguro m\u00e9dico, de hogar...<\/title>\n<meta name=\"description\" content=\"Ofertas, cupones, presupuestos. Aseguradora en D\u00e9nia, Alicante. Oficina de seguros de hogar, veh\u00edculos, seguro m\u00e9dico, de embarcaciones...\" \/>\n<meta name=\"robots\" content=\"index, follow, max-snippet:-1, max-image-preview:large, max-video-preview:-1\" \/>\n<link rel=\"canonical\" href=\"https:\/\/camarot.net\/de\/aseguradora-denia\" \/>\n<meta property=\"og:locale\" content=\"de_DE\" \/>\n<meta property=\"og:type\" content=\"article\" \/>\n<meta property=\"og:title\" content=\"ASEGURADORA EN D\u00c9NIA - CAMAROT - Seguro m\u00e9dico, de hogar...\" \/>\n<meta property=\"og:description\" content=\"Ofertas, cupones, presupuestos. Aseguradora en D\u00e9nia, Alicante. Oficina de seguros de hogar, veh\u00edculos, seguro m\u00e9dico, de embarcaciones...\" \/>\n<meta property=\"og:url\" content=\"https:\/\/camarot.net\/de\/aseguradora-denia\" \/>\n<meta property=\"og:site_name\" content=\"CAMAROT\" \/>\n<meta property=\"article:modified_time\" content=\"2021-07-05T09:18:45+00:00\" \/>\n<meta name=\"twitter:card\" content=\"summary_large_image\" \/>\n<meta name=\"twitter:label1\" content=\"Gesch\u00e4tzte Lesezeit\" \/>\n\t<meta name=\"twitter:data1\" content=\"4\u00a0Minuten\" \/>\n<script type=\"application\/ld+json\" class=\"yoast-schema-graph\">{\"@context\":\"https:\/\/schema.org\",\"@graph\":[{\"@type\":\"WebPage\",\"@id\":\"https:\/\/camarot.net\/de\/aseguradora-denia\",\"url\":\"https:\/\/camarot.net\/de\/aseguradora-denia\",\"name\":\"ASEGURADORA EN D\u00c9NIA - CAMAROT - Seguro m\u00e9dico, de hogar...\",\"isPartOf\":{\"@id\":\"https:\/\/camarot.net\/de\/#website\"},\"datePublished\":\"2021-04-15T14:01:41+00:00\",\"dateModified\":\"2021-07-05T09:18:45+00:00\",\"description\":\"Ofertas, cupones, presupuestos. Aseguradora en D\u00e9nia, Alicante. Oficina de seguros de hogar, veh\u00edculos, seguro m\u00e9dico, de embarcaciones...\",\"breadcrumb\":{\"@id\":\"https:\/\/camarot.net\/de\/aseguradora-denia#breadcrumb\"},\"inLanguage\":\"de\",\"potentialAction\":[{\"@type\":\"ReadAction\",\"target\":[[\"https:\/\/camarot.net\/de\/aseguradora-denia\"]]}]},{\"@type\":\"BreadcrumbList\",\"@id\":\"https:\/\/camarot.net\/de\/aseguradora-denia#breadcrumb\",\"itemListElement\":[{\"@type\":\"ListItem\",\"position\":1,\"name\":\"Portada\",\"item\":\"https:\/\/camarot.net\/de\/\"},{\"@type\":\"ListItem\",\"position\":2,\"name\":\"LOCALIZACI\u00d3N\"}]},{\"@type\":\"WebSite\",\"@id\":\"https:\/\/camarot.net\/de\/#website\",\"url\":\"https:\/\/camarot.net\/de\/\",\"name\":\"CAMAROT\",\"description\":\"Versicherung und Investition\",\"publisher\":{\"@id\":\"https:\/\/camarot.net\/de\/#organization\"},\"potentialAction\":[{\"@type\":\"SearchAction\",\"target\":{\"@type\":\"EntryPoint\",\"urlTemplate\":\"https:\/\/camarot.net\/de\/?s={search_term_string}\"},\"query-input\":{\"@type\":\"PropertyValueSpecification\",\"valueRequired\":true,\"valueName\":\"search_term_string\"}}],\"inLanguage\":\"de\"},{\"@type\":\"Organization\",\"@id\":\"https:\/\/camarot.net\/de\/#organization\",\"name\":\"CAMAROT DENIA\",\"url\":\"https:\/\/camarot.net\/de\/\",\"logo\":{\"@type\":\"ImageObject\",\"inLanguage\":\"de\",\"@id\":\"https:\/\/camarot.net\/de\/#\/schema\/logo\/image\/\",\"url\":\"http:\/\/camarot.net\/wp-content\/uploads\/2021\/05\/camarotmini.jpg\",\"contentUrl\":\"http:\/\/camarot.net\/wp-content\/uploads\/2021\/05\/camarotmini.jpg\",\"width\":198,\"height\":109,\"caption\":\"CAMAROT DENIA\"},\"image\":{\"@id\":\"https:\/\/camarot.net\/de\/#\/schema\/logo\/image\/\"}}]}<\/script>\n<!-- \/ Yoast SEO plugin. -->","yoast_head_json":{"title":"ASEGURADORA EN D\u00c9NIA - CAMAROT - Seguro m\u00e9dico, de hogar...","description":"Ofertas, cupones, presupuestos. Aseguradora en D\u00e9nia, Alicante. Oficina de seguros de hogar, veh\u00edculos, seguro m\u00e9dico, de embarcaciones...","robots":{"index":"index","follow":"follow","max-snippet":"max-snippet:-1","max-image-preview":"max-image-preview:large","max-video-preview":"max-video-preview:-1"},"canonical":"https:\/\/camarot.net\/de\/aseguradora-denia","og_locale":"de_DE","og_type":"article","og_title":"ASEGURADORA EN D\u00c9NIA - CAMAROT - Seguro m\u00e9dico, de hogar...","og_description":"Ofertas, cupones, presupuestos. Aseguradora en D\u00e9nia, Alicante. Oficina de seguros de hogar, veh\u00edculos, seguro m\u00e9dico, de embarcaciones...","og_url":"https:\/\/camarot.net\/de\/aseguradora-denia","og_site_name":"CAMAROT","article_modified_time":"2021-07-05T09:18:45+00:00","twitter_card":"summary_large_image","twitter_misc":{"Gesch\u00e4tzte Lesezeit":"4\u00a0Minuten"},"schema":{"@context":"https:\/\/schema.org","@graph":[{"@type":"WebPage","@id":"https:\/\/camarot.net\/de\/aseguradora-denia","url":"https:\/\/camarot.net\/de\/aseguradora-denia","name":"ASEGURADORA EN D\u00c9NIA - CAMAROT - Seguro m\u00e9dico, de hogar...","isPartOf":{"@id":"https:\/\/camarot.net\/de\/#website"},"datePublished":"2021-04-15T14:01:41+00:00","dateModified":"2021-07-05T09:18:45+00:00","description":"Ofertas, cupones, presupuestos. Aseguradora en D\u00e9nia, Alicante. Oficina de seguros de hogar, veh\u00edculos, seguro m\u00e9dico, de embarcaciones...","breadcrumb":{"@id":"https:\/\/camarot.net\/de\/aseguradora-denia#breadcrumb"},"inLanguage":"de","potentialAction":[{"@type":"ReadAction","target":[["https:\/\/camarot.net\/de\/aseguradora-denia"]]}]},{"@type":"BreadcrumbList","@id":"https:\/\/camarot.net\/de\/aseguradora-denia#breadcrumb","itemListElement":[{"@type":"ListItem","position":1,"name":"Portada","item":"https:\/\/camarot.net\/de\/"},{"@type":"ListItem","position":2,"name":"LOCALIZACI\u00d3N"}]},{"@type":"WebSite","@id":"https:\/\/camarot.net\/de\/#website","url":"https:\/\/camarot.net\/de\/","name":"CAMAROT","description":"Versicherung und Investition","publisher":{"@id":"https:\/\/camarot.net\/de\/#organization"},"potentialAction":[{"@type":"SearchAction","target":{"@type":"EntryPoint","urlTemplate":"https:\/\/camarot.net\/de\/?s={search_term_string}"},"query-input":{"@type":"PropertyValueSpecification","valueRequired":true,"valueName":"search_term_string"}}],"inLanguage":"de"},{"@type":"Organization","@id":"https:\/\/camarot.net\/de\/#organization","name":"CAMAROT DENIA","url":"https:\/\/camarot.net\/de\/","logo":{"@type":"ImageObject","inLanguage":"de","@id":"https:\/\/camarot.net\/de\/#\/schema\/logo\/image\/","url":"http:\/\/camarot.net\/wp-content\/uploads\/2021\/05\/camarotmini.jpg","contentUrl":"http:\/\/camarot.net\/wp-content\/uploads\/2021\/05\/camarotmini.jpg","width":198,"height":109,"caption":"CAMAROT DENIA"},"image":{"@id":"https:\/\/camarot.net\/de\/#\/schema\/logo\/image\/"}}]}},"_links":{"self":[{"href":"https:\/\/camarot.net\/de\/wp-json\/wp\/v2\/pages\/138","targetHints":{"allow":["GET"]}}],"collection":[{"href":"https:\/\/camarot.net\/de\/wp-json\/wp\/v2\/pages"}],"about":[{"href":"https:\/\/camarot.net\/de\/wp-json\/wp\/v2\/types\/page"}],"author":[{"embeddable":true,"href":"https:\/\/camarot.net\/de\/wp-json\/wp\/v2\/users\/1"}],"replies":[{"embeddable":true,"href":"https:\/\/camarot.net\/de\/wp-json\/wp\/v2\/comments?post=138"}],"version-history":[{"count":61,"href":"https:\/\/camarot.net\/de\/wp-json\/wp\/v2\/pages\/138\/revisions"}],"predecessor-version":[{"id":641,"href":"https:\/\/camarot.net\/de\/wp-json\/wp\/v2\/pages\/138\/revisions\/641"}],"wp:attachment":[{"href":"https:\/\/camarot.net\/de\/wp-json\/wp\/v2\/media?parent=138"}],"curies":[{"name":"wp","href":"https:\/\/api.w.org\/{rel}","templated":true}]}}